{"id":12783,"date":"2026-02-22T23:42:58","date_gmt":"2026-02-22T22:42:58","guid":{"rendered":"https:\/\/esperanto-nederland.nl\/?page_id=12783"},"modified":"2026-02-22T23:53:27","modified_gmt":"2026-02-22T22:53:27","slug":"vadekskurso-al-ameland-aligilo","status":"publish","type":"page","link":"https:\/\/esperanto-nederland.nl\/index.php\/eo\/vadekskurso-al-ameland-aligilo\/","title":{"rendered":"Vadekskurso al Ameland &#8211; ali\u011dilo"},"content":{"rendered":"\n<p>En \u0109i tiu pa\u011do vi povas indiki, ke vi volas partopreni la vadekskurson al Amelando.<\/p>\n\n\n\n<p class=\"has-vivid-red-color has-text-color has-link-color wp-elements-090a0b633728d9c9babf66031916700d\"><strong>Atentu:<\/strong> vi ankora\u016d devas persone ali\u011di \u0109e <em>Dijkstra Wadlooptochten<\/em>, la organiza\u0135o kiu aran\u011das la vadmigradon.<\/p>\n\n\n<style id=\"wpforms-css-vars-12611-block-70b4bbd5-873d-4f66-976d-8c93862ad2c8\">\n\t\t\t\t#wpforms-12611.wpforms-block-70b4bbd5-873d-4f66-976d-8c93862ad2c8 {\n\t\t\t\t--wpforms-field-size-input-height: 43px;\n--wpforms-field-size-input-spacing: 15px;\n--wpforms-field-size-font-size: 16px;\n--wpforms-field-size-line-height: 19px;\n--wpforms-field-size-padding-h: 14px;\n--wpforms-field-size-checkbox-size: 16px;\n--wpforms-field-size-sublabel-spacing: 5px;\n--wpforms-field-size-icon-size: 1;\n--wpforms-label-size-font-size: 16px;\n--wpforms-label-size-line-height: 19px;\n--wpforms-label-size-sublabel-font-size: 14px;\n--wpforms-label-size-sublabel-line-height: 17px;\n--wpforms-button-size-font-size: 17px;\n--wpforms-button-size-height: 41px;\n--wpforms-button-size-padding-h: 15px;\n--wpforms-button-size-margin-top: 10px;\n--wpforms-container-shadow-size-box-shadow: none;\n\t\t\t}\n\t\t\t<\/style><div class=\"wpforms-container wpforms-container-full wpforms-block wpforms-block-70b4bbd5-873d-4f66-976d-8c93862ad2c8 wpforms-render-modern\" id=\"wpforms-12611\"><form id=\"wpforms-form-12611\" class=\"wpforms-validate wpforms-form wpforms-ajax-form\" data-formid=\"12611\" method=\"post\" enctype=\"multipart\/form-data\" action=\"\/index.php\/wp-json\/wp\/v2\/pages\/12783\" data-token=\"529e0b791e47571fc06f3f185098e124\" data-token-time=\"1777567782\"><noscript class=\"wpforms-error-noscript\">Schakel JavaScript in je browser in om dit formulier in te vullen.<\/noscript><div id=\"wpforms-error-noscript\" style=\"display: none;\">Schakel JavaScript in je browser in om dit formulier in te vullen.<\/div><div class=\"wpforms-field-container\"><div id=\"wpforms-12611-field_6-container\" class=\"wpforms-field wpforms-field-name\" data-field-id=\"6\"><fieldset><legend class=\"wpforms-field-label\">Naam | Nomo <span class=\"wpforms-required-label\" aria-hidden=\"true\">*<\/span><\/legend><div class=\"wpforms-field-row wpforms-field-medium\"><div class=\"wpforms-field-row-block wpforms-first wpforms-one-half\"><input type=\"text\" id=\"wpforms-12611-field_6\" class=\"wpforms-field-name-first wpforms-field-required\" name=\"wpforms[fields][6][first]\" placeholder=\"Voornaam | Anta\u016dnomo\" aria-errormessage=\"wpforms-12611-field_6-error\" required><label for=\"wpforms-12611-field_6\" class=\"wpforms-field-sublabel after wpforms-sublabel-hide\">Voornaam<\/label><\/div><div class=\"wpforms-field-row-block wpforms-one-half\"><input type=\"text\" id=\"wpforms-12611-field_6-last\" class=\"wpforms-field-name-last wpforms-field-required\" name=\"wpforms[fields][6][last]\" placeholder=\"Achternaam | Familia nomo\" aria-errormessage=\"wpforms-12611-field_6-last-error\" required><label for=\"wpforms-12611-field_6-last\" class=\"wpforms-field-sublabel after wpforms-sublabel-hide\">Achternaam<\/label><\/div><\/div><\/fieldset><\/div><div id=\"wpforms-12611-field_3-container\" class=\"wpforms-field wpforms-field-email\" data-field-id=\"3\"><label class=\"wpforms-field-label\" for=\"wpforms-12611-field_3\">E-mail | Retadreso <span class=\"wpforms-required-label\" aria-hidden=\"true\">*<\/span><\/label><input type=\"email\" id=\"wpforms-12611-field_3\" class=\"wpforms-field-medium wpforms-field-required\" name=\"wpforms[fields][3]\" spellcheck=\"false\" aria-errormessage=\"wpforms-12611-field_3-error\" required><\/div><div id=\"wpforms-12611-field_10-container\" class=\"wpforms-field wpforms-field-text\" data-field-id=\"10\"><label class=\"wpforms-field-label\" for=\"wpforms-12611-field_10\">Adres | Adreso<\/label><input type=\"text\" id=\"wpforms-12611-field_10\" class=\"wpforms-field-medium\" name=\"wpforms[fields][10]\" aria-errormessage=\"wpforms-12611-field_10-error\" ><\/div><div id=\"wpforms-12611-field_9-container\" class=\"wpforms-field wpforms-field-layout\" data-field-id=\"9\"><div class=\"wpforms-field-layout-rows wpforms-field-large\"><div class=\"wpforms-layout-row\"><div class=\"wpforms-layout-column wpforms-layout-column-50\"><div id=\"wpforms-12611-field_11-container\" class=\"wpforms-field wpforms-field-text\" data-field-id=\"11\"><label class=\"wpforms-field-label\" for=\"wpforms-12611-field_11\">Postcode | Po\u015dtkodo<\/label><input type=\"text\" id=\"wpforms-12611-field_11\" class=\"wpforms-field-medium\" name=\"wpforms[fields][11]\" aria-errormessage=\"wpforms-12611-field_11-error\" ><\/div><\/div><div class=\"wpforms-layout-column wpforms-layout-column-50\"><div id=\"wpforms-12611-field_12-container\" class=\"wpforms-field wpforms-field-text\" data-field-id=\"12\"><label class=\"wpforms-field-label\" for=\"wpforms-12611-field_12\">Woonplaats | Lo\u011dloko <span class=\"wpforms-required-label\" aria-hidden=\"true\">*<\/span><\/label><input type=\"text\" id=\"wpforms-12611-field_12\" class=\"wpforms-field-medium wpforms-field-required\" name=\"wpforms[fields][12]\" aria-errormessage=\"wpforms-12611-field_12-error\" required><\/div><\/div><\/div><\/div><\/div><div id=\"wpforms-12611-field_13-container\" class=\"wpforms-field wpforms-field-text\" data-field-id=\"13\"><label class=\"wpforms-field-label\" for=\"wpforms-12611-field_13\">Telefoonnummer | Telefonnumero <span class=\"wpforms-required-label\" aria-hidden=\"true\">*<\/span><\/label><input type=\"text\" id=\"wpforms-12611-field_13\" class=\"wpforms-field-medium wpforms-field-required\" name=\"wpforms[fields][13]\" aria-errormessage=\"wpforms-12611-field_13-error\" required><\/div><div id=\"wpforms-12611-field_25-container\" class=\"wpforms-field wpforms-field-html\" data-field-id=\"25\"><div id=\"wpforms-12611-field_25\" aria-errormessage=\"wpforms-12611-field_25-error\">Je dient je zo snel mogelijk zelf op te geven bij Dijkstra Wadlooptochten, de organisatie die de waddentocht organiseert. Want vol = vol.\r\n<br \/><br \/>\r\nVi devas kiel eble plej balda\u016d mem ali\u011di \u0109e Dijkstra Wadlooptochten, la organiza\u0135o kiu aran\u011das la vadmigradon. \u0108ar plena estas plena.<\/div><\/div><div id=\"wpforms-12611-field_20-container\" class=\"wpforms-field wpforms-field-radio\" data-field-id=\"20\"><fieldset><legend class=\"wpforms-field-label\">Ik wil mee doen aan de tocht<\/legend><ul id=\"wpforms-12611-field_20\"><li class=\"choice-1 depth-1\"><input type=\"radio\" id=\"wpforms-12611-field_20_1\" name=\"wpforms[fields][20]\" value=\"Ik loop mee met de waddentocht naar Ameland. | Mi partoprenos la vadmigradon al Ameland.\" aria-errormessage=\"wpforms-12611-field_20_1-error\"  ><label class=\"wpforms-field-label-inline\" for=\"wpforms-12611-field_20_1\">Ik loop mee met de waddentocht naar Ameland. | Mi partoprenos la vadmigradon al Ameland.<\/label><\/li><li class=\"choice-2 depth-1\"><input type=\"radio\" id=\"wpforms-12611-field_20_2\" name=\"wpforms[fields][20]\" value=\"Ik kom per boot naar Ameland. | Mi venos per pramo al Ameland.\" aria-errormessage=\"wpforms-12611-field_20_2-error\"  ><label class=\"wpforms-field-label-inline\" for=\"wpforms-12611-field_20_2\">Ik kom per boot naar Ameland. | Mi venos per pramo al Ameland.<\/label><\/li><\/ul><\/fieldset><\/div><div id=\"wpforms-12611-field_18-container\" class=\"wpforms-field wpforms-field-radio\" data-field-id=\"18\"><fieldset><legend class=\"wpforms-field-label\">Wel of geen foto&#039;s | \u0108u publikigi fotojn a\u016d ne? <span class=\"wpforms-required-label\" aria-hidden=\"true\">*<\/span><\/legend><ul id=\"wpforms-12611-field_18\" class=\"wpforms-field-required\"><li class=\"choice-1 depth-1\"><input type=\"radio\" id=\"wpforms-12611-field_18_1\" name=\"wpforms[fields][18]\" value=\"Foto\u2019s van de dag waarop ik herkenbaar in beeld ben, mogen openbaar worden gemaakt.&lt;br&gt;La organizantoj rajtas publikigi fotojn de la tago sur kiuj mi estas rekonebla.\" aria-errormessage=\"wpforms-12611-field_18_1-error\" required ><label class=\"wpforms-field-label-inline\" for=\"wpforms-12611-field_18_1\">Foto\u2019s van de dag waarop ik herkenbaar in beeld ben, mogen openbaar worden gemaakt.<br>La organizantoj rajtas publikigi fotojn de la tago sur kiuj mi estas rekonebla.<\/label><\/li><li class=\"choice-2 depth-1\"><input type=\"radio\" id=\"wpforms-12611-field_18_2\" name=\"wpforms[fields][18]\" value=\"Foto\u2019s van de dag waarop ik herkenbaar in beeld ben, mogen niet door de organisatie openbaar worden gemaakt.&lt;br&gt;La organizantoj ne rajtas publikigi fotojn de la tago sur kiuj mi estas rekonebla.\" aria-errormessage=\"wpforms-12611-field_18_2-error\" required ><label class=\"wpforms-field-label-inline\" for=\"wpforms-12611-field_18_2\">Foto\u2019s van de dag waarop ik herkenbaar in beeld ben, mogen niet door de organisatie openbaar worden gemaakt.<br>La organizantoj ne rajtas publikigi fotojn de la tago sur kiuj mi estas rekonebla.<\/label><\/li><\/ul><\/fieldset><\/div><div id=\"wpforms-12611-field_5-container\" class=\"wpforms-field wpforms-field-textarea\" data-field-id=\"5\"><label class=\"wpforms-field-label\" for=\"wpforms-12611-field_5\">Opmerkingen | Remarkoj <span class=\"wpforms-required-label\" aria-hidden=\"true\">*<\/span><\/label><textarea id=\"wpforms-12611-field_5\" class=\"wpforms-field-medium wpforms-field-required\" name=\"wpforms[fields][5]\" aria-errormessage=\"wpforms-12611-field_5-error\" required><\/textarea><\/div><\/div><!-- .wpforms-field-container --><div class=\"wpforms-submit-container\" ><input type=\"hidden\" name=\"wpforms[id]\" value=\"12611\"><input type=\"hidden\" name=\"page_title\" value=\"\"><input type=\"hidden\" name=\"page_url\" value=\"https:\/\/esperanto-nederland.nl\/index.php\/wp-json\/wp\/v2\/pages\/12783\"><input type=\"hidden\" name=\"url_referer\" value=\"\"><button type=\"submit\" name=\"wpforms[submit]\" id=\"wpforms-submit-12611\" class=\"wpforms-submit\" data-alt-text=\"Verzenden... | Sendi .....\" data-submit-text=\"Verzend | Sendu\" aria-live=\"assertive\" value=\"wpforms-submit\">Verzend | Sendu<\/button><img loading=\"lazy\" decoding=\"async\" src=\"https:\/\/esperanto-nederland.nl\/wp-content\/plugins\/wpforms\/assets\/images\/submit-spin.svg\" class=\"wpforms-submit-spinner\" style=\"display: none;\" width=\"26\" height=\"26\" alt=\"Aan het laden\"><\/div><\/form><\/div>  <!-- .wpforms-container -->","protected":false},"excerpt":{"rendered":"<p>En \u0109i tiu pa\u011do vi povas indiki, ke vi volas partopreni la vadekskurson al Amelando. Atentu: vi ankora\u016d devas persone ali\u011di \u0109e Dijkstra Wadlooptochten, la organiza\u0135o kiu aran\u011das la vadmigradon.<\/p>\n","protected":false},"author":2,"featured_media":0,"parent":0,"menu_order":0,"comment_status":"closed","ping_status":"closed","template":"","meta":{"footnotes":""},"class_list":["post-12783","page","type-page","status-publish","hentry","without-featured-image"],"_links":{"self":[{"href":"https:\/\/esperanto-nederland.nl\/index.php\/wp-json\/wp\/v2\/pages\/12783","targetHints":{"allow":["GET"]}}],"collection":[{"href":"https:\/\/esperanto-nederland.nl\/index.php\/wp-json\/wp\/v2\/pages"}],"about":[{"href":"https:\/\/esperanto-nederland.nl\/index.php\/wp-json\/wp\/v2\/types\/page"}],"author":[{"embeddable":true,"href":"https:\/\/esperanto-nederland.nl\/index.php\/wp-json\/wp\/v2\/users\/2"}],"replies":[{"embeddable":true,"href":"https:\/\/esperanto-nederland.nl\/index.php\/wp-json\/wp\/v2\/comments?post=12783"}],"version-history":[{"count":3,"href":"https:\/\/esperanto-nederland.nl\/index.php\/wp-json\/wp\/v2\/pages\/12783\/revisions"}],"predecessor-version":[{"id":12787,"href":"https:\/\/esperanto-nederland.nl\/index.php\/wp-json\/wp\/v2\/pages\/12783\/revisions\/12787"}],"wp:attachment":[{"href":"https:\/\/esperanto-nederland.nl\/index.php\/wp-json\/wp\/v2\/media?parent=12783"}],"curies":[{"name":"wp","href":"https:\/\/api.w.org\/{rel}","templated":true}]}}