{"id":13322,"date":"2026-04-23T12:51:36","date_gmt":"2026-04-23T10:51:36","guid":{"rendered":"https:\/\/esperanto-nederland.nl\/?page_id=13322"},"modified":"2026-04-23T12:58:42","modified_gmt":"2026-04-23T10:58:42","slug":"tiu-ci-filmeto-de-federico-gobbo-kaj-bert-de-wit","status":"publish","type":"page","link":"https:\/\/esperanto-nederland.nl\/index.php\/eo\/tiu-ci-filmeto-de-federico-gobbo-kaj-bert-de-wit\/","title":{"rendered":"Tiu \u0109i filmeto de Federico Gobbo kaj Bert de Wit"},"content":{"rendered":"\n<figure class=\"wp-block-image size-large is-resized\"><a href=\"https:\/\/www.youtube.com\/watch?v=Kmfbr9vjGg4\" target=\"_blank\" rel=\" noreferrer noopener\"><img loading=\"lazy\" decoding=\"async\" width=\"1024\" height=\"577\" src=\"https:\/\/esperanto-nederland.nl\/wp-content\/uploads\/2026\/04\/cevalo-1024x577.png\" alt=\"\" class=\"wp-image-13323\" style=\"width:500px\" srcset=\"https:\/\/esperanto-nederland.nl\/wp-content\/uploads\/2026\/04\/cevalo-1024x577.png 1024w, https:\/\/esperanto-nederland.nl\/wp-content\/uploads\/2026\/04\/cevalo-300x169.png 300w, https:\/\/esperanto-nederland.nl\/wp-content\/uploads\/2026\/04\/cevalo-768x433.png 768w, https:\/\/esperanto-nederland.nl\/wp-content\/uploads\/2026\/04\/cevalo-674x380.png 674w, https:\/\/esperanto-nederland.nl\/wp-content\/uploads\/2026\/04\/cevalo.png 1308w\" sizes=\"auto, (max-width: 1024px) 100vw, 1024px\" \/><\/a><figcaption class=\"wp-element-caption\">Spektu la plenan filmeton \u0109e <a href=\"https:\/\/www.youtube.com\/watch?v=Kmfbr9vjGg4\" target=\"_blank\" rel=\"noreferrer noopener\">YouTube.<\/a><\/figcaption><\/figure>\n\n\n\n<p>Tiu \u0109i filmeto de Federico Gobbo kaj Bert de Wit esploras la duoblan rolon de la \u0109evalo en la nederlanda historio, servante kaj kiel nemalhavebla laborbesto por farmistoj kaj kiel simbolo de potenco por la elitoj. La prezento reliefigas kiel \u0109i tiu kultura hereda\u0135o formis la naciajn tradiciojn kaj la nuntempan rajdkulturon en Nederlando. Spektu la plenan filmeton \u0109e <a href=\"https:\/\/www.youtube.com\/watch?v=Kmfbr9vjGg4\" target=\"_blank\" rel=\"noreferrer noopener\">YouTube.<\/a><\/p>\n\n\n\n<p><\/p>\n","protected":false},"excerpt":{"rendered":"<p>Tiu \u0109i filmeto de Federico Gobbo kaj Bert de Wit esploras la duoblan rolon de la \u0109evalo en la nederlanda historio, servante kaj kiel nemalhavebla laborbesto por farmistoj kaj kiel simbolo de potenco por la elitoj. La prezento reliefigas kiel \u0109i tiu kultura hereda\u0135o formis la naciajn tradiciojn kaj la nuntempan rajdkulturon en Nederlando. Spektu &hellip; <a href=\"https:\/\/esperanto-nederland.nl\/index.php\/eo\/tiu-ci-filmeto-de-federico-gobbo-kaj-bert-de-wit\/\" class=\"more-link\">Verder lezen <span class=\"screen-reader-text\">Tiu \u0109i filmeto de Federico Gobbo kaj Bert de Wit<\/span><\/a><\/p>\n","protected":false},"author":15,"featured_media":0,"parent":0,"menu_order":0,"comment_status":"closed","ping_status":"closed","template":"","meta":{"footnotes":""},"class_list":["post-13322","page","type-page","status-publish","hentry","without-featured-image"],"_links":{"self":[{"href":"https:\/\/esperanto-nederland.nl\/index.php\/wp-json\/wp\/v2\/pages\/13322","targetHints":{"allow":["GET"]}}],"collection":[{"href":"https:\/\/esperanto-nederland.nl\/index.php\/wp-json\/wp\/v2\/pages"}],"about":[{"href":"https:\/\/esperanto-nederland.nl\/index.php\/wp-json\/wp\/v2\/types\/page"}],"author":[{"embeddable":true,"href":"https:\/\/esperanto-nederland.nl\/index.php\/wp-json\/wp\/v2\/users\/15"}],"replies":[{"embeddable":true,"href":"https:\/\/esperanto-nederland.nl\/index.php\/wp-json\/wp\/v2\/comments?post=13322"}],"version-history":[{"count":3,"href":"https:\/\/esperanto-nederland.nl\/index.php\/wp-json\/wp\/v2\/pages\/13322\/revisions"}],"predecessor-version":[{"id":13327,"href":"https:\/\/esperanto-nederland.nl\/index.php\/wp-json\/wp\/v2\/pages\/13322\/revisions\/13327"}],"wp:attachment":[{"href":"https:\/\/esperanto-nederland.nl\/index.php\/wp-json\/wp\/v2\/media?parent=13322"}],"curies":[{"name":"wp","href":"https:\/\/api.w.org\/{rel}","templated":true}]}}