{"id":411,"date":"2023-08-28T18:28:02","date_gmt":"2023-08-28T18:28:02","guid":{"rendered":"https:\/\/esperanto-nederland.nl\/?page_id=411"},"modified":"2026-01-03T14:23:17","modified_gmt":"2026-01-03T13:23:17","slug":"wat-is-esperanto","status":"publish","type":"page","link":"https:\/\/esperanto-nederland.nl\/index.php\/wat-is-esperanto\/","title":{"rendered":"Wat is Esperanto"},"content":{"rendered":"\n<figure class=\"wp-block-image size-large is-resized\"><img loading=\"lazy\" decoding=\"async\" width=\"1024\" height=\"795\" src=\"https:\/\/esperanto-nederland.nl\/wp-content\/uploads\/2024\/01\/X-Pinglo-sel-1024x795.jpg\" alt=\"\" class=\"wp-image-1940\" style=\"width:439px;height:auto\" srcset=\"https:\/\/esperanto-nederland.nl\/wp-content\/uploads\/2024\/01\/X-Pinglo-sel-1024x795.jpg 1024w, https:\/\/esperanto-nederland.nl\/wp-content\/uploads\/2024\/01\/X-Pinglo-sel-300x233.jpg 300w, https:\/\/esperanto-nederland.nl\/wp-content\/uploads\/2024\/01\/X-Pinglo-sel-768x596.jpg 768w, https:\/\/esperanto-nederland.nl\/wp-content\/uploads\/2024\/01\/X-Pinglo-sel-1536x1193.jpg 1536w, https:\/\/esperanto-nederland.nl\/wp-content\/uploads\/2024\/01\/X-Pinglo-sel-2048x1590.jpg 2048w, https:\/\/esperanto-nederland.nl\/wp-content\/uploads\/2024\/01\/X-Pinglo-sel-489x380.jpg 489w\" sizes=\"auto, (max-width: 1024px) 100vw, 1024px\" \/><\/figure>\n\n\n\n<p>De taal Esperanto is bedacht om door zoveel mogelijk mensen op de wereld te worden geleerd, zodat mensen uit verschillende culturen en van verschillende talen met elkaar in contact kunnen komen en met elkaar kunnen praten. <\/p>\n\n\n\n<p>De taal is vrij eenvoudig te leren, zeker voor Europeanen. Esperanto heeft een eenvoudige grammatica en een beperkt aantal regels. Het alfabet van Esperanto bestaat uit 28 letters. Het alfabet kent geen &#8216;w&#8217; en &#8216;x&#8217;, wel enkele letters met een dakje (^), \u0109. \u011d, \u0125 en \u015d  of een breve (\u02d8), \u016d. De uitspraak van Esperanto is fonetisch en consistent. Het vocabulaire van Esperanto is grotendeels opgebouwd uit Europese woorden. De grammaticaregels van Esperanto kent geen geslachten en uitzonderingen.<\/p>\n\n\n\n<p>Esperanto is door Ludwig Zamenhof gecre\u00eberd. Hij publiceerde het voor voor het eerst in 1887 in het boek &#8220;Unua Libro.&#8221; Hij wilde de communicatie tussen mensen van verschillende moedertalen vergemakkelijken. De naam komt van Zamenhofs pseudoniem &#8220;Doktoro Esperanto,&#8221; wat &#8220;de hoopvolle&#8221; betekent.<\/p>\n\n\n\n<p>De taal wordt tegenwoordig gesproken door mensen over de hele wereld en het heeft zijn eigen literatuur, muziek en cultuur. Er zijn Esperanto-verenigingen en -evenementen over de hele wereld en ook in Nederland. Landen waar veel Esperantisten zijn, zijn Frankrijk, Duitsland, Polen en Brazili\u00eb en ook in China zijn Esperantisten actief. Zij hebben een Esperanto-museum en de Chinese kortegolfzenders hebben elke dag een uitzending in het Esperanto..<\/p>\n\n\n\n<p>Online zijn er veel manieren om Esperanto te leren. De taal heeft zijn eigen online gemeenschap en sociale media platforms.<\/p>\n\n\n\n<div class=\"wp-block-columns is-layout-flex wp-container-core-columns-is-layout-9d6595d7 wp-block-columns-is-layout-flex\">\n<div class=\"wp-block-column is-layout-flow wp-block-column-is-layout-flow\">\n<h2 class=\"wp-block-heading\"><a href=\"https:\/\/esperanto-nederland.nl\/index.php\/het-idee-achter-esperanto\/\" data-type=\"page\" data-id=\"450\">Het Esperanto idee<\/a><\/h2>\n\n\n\n<figure class=\"wp-block-image size-large\"><a href=\"https:\/\/esperanto-nederland.nl\/index.php\/het-idee-achter-esperanto\/\"><img loading=\"lazy\" decoding=\"async\" width=\"1024\" height=\"768\" src=\"https:\/\/esperanto-nederland.nl\/wp-content\/uploads\/2024\/01\/IMG_2805-1024x768.jpg\" alt=\"\" class=\"wp-image-1946\" style=\"object-fit:cover\" srcset=\"https:\/\/esperanto-nederland.nl\/wp-content\/uploads\/2024\/01\/IMG_2805-1024x768.jpg 1024w, https:\/\/esperanto-nederland.nl\/wp-content\/uploads\/2024\/01\/IMG_2805-300x225.jpg 300w, https:\/\/esperanto-nederland.nl\/wp-content\/uploads\/2024\/01\/IMG_2805-768x576.jpg 768w, https:\/\/esperanto-nederland.nl\/wp-content\/uploads\/2024\/01\/IMG_2805-1536x1152.jpg 1536w, https:\/\/esperanto-nederland.nl\/wp-content\/uploads\/2024\/01\/IMG_2805-2048x1536.jpg 2048w, https:\/\/esperanto-nederland.nl\/wp-content\/uploads\/2024\/01\/IMG_2805-507x380.jpg 507w\" sizes=\"auto, (max-width: 1024px) 100vw, 1024px\" \/><\/a><\/figure>\n\n\n\n<p>Mensen leren en spreken Esperanto om verschillende redenen. Sommigen leren het uit idealisme. Anderen omdat ze van talen houden. En weer anderen vinden het interessant om andere landen en culturen te leren kennen. <a href=\"https:\/\/esperanto-nederland.nl\/index.php\/het-idee-achter-esperanto\/\" data-type=\"page\" data-id=\"450\">Meer&#8230;<\/a><\/p>\n<\/div>\n\n\n\n<div class=\"wp-block-column is-layout-flow wp-block-column-is-layout-flow\">\n<h2 class=\"wp-block-heading\"><a href=\"https:\/\/esperanto-nederland.nl\/index.php\/esperanto-cultuur\/\">Cultuur<\/a><\/h2>\n\n\n\n<figure class=\"wp-block-image size-large\"><a href=\"https:\/\/esperanto-nederland.nl\/index.php\/esperanto-cultuur\/\"><img decoding=\"async\" src=\"https:\/\/esperanto-nederland.nl\/wp-content\/uploads\/2024\/06\/20240615fkho1309360_1200p.jpg\" alt=\"\"\/><\/a><\/figure>\n\n\n\n<p>Binnen de Esperanto-wereld ontmoeten Esperantisten van diverse achtergronden elkaar. Onder hen zijn jongeren en ouderen, mensen met verschillende muzieksmaken, mensen die wel en die niet vlees eten. <a href=\"https:\/\/esperanto-nederland.nl\/index.php\/esperanto-cultuur\/\">Meer&#8230;<\/a><\/p>\n<\/div>\n\n\n\n<div class=\"wp-block-column is-layout-flow wp-block-column-is-layout-flow\">\n<h2 class=\"wp-block-heading\"><a href=\"https:\/\/esperanto-nederland.nl\/index.php\/esperanto-organisaties\/\">Organisaties<\/a><\/h2>\n\n\n\n<figure class=\"wp-block-image size-large\"><a href=\"https:\/\/esperanto-nederland.nl\/index.php\/esperanto-organisaties\/\"><img decoding=\"async\" src=\"https:\/\/esperanto-nederland.nl\/wp-content\/uploads\/2024\/07\/20240512fkho1234430_-1200p-sel-helpantoj-de-Europa-Kongreso-2024-1024x676.jpg\" alt=\"\" style=\"aspect-ratio:4\/3;object-fit:cover\"\/><\/a><\/figure>\n\n\n\n<p>De Esperanto-organisaties verenigen de Esperantisten. Een aantal zet zich in voor de verspreiding van Esperanto. Andere om mensen met dezelfde culturele of religieuze achtergrond met elkaar in contact te brengen. <a href=\"https:\/\/esperanto-nederland.nl\/index.php\/esperanto-organisaties\/\">Meer&#8230;<\/a><\/p>\n<\/div>\n<\/div>\n\n\n\n<p><\/p>\n\n\n\n<div class=\"wp-block-columns is-layout-flex wp-container-core-columns-is-layout-9d6595d7 wp-block-columns-is-layout-flex\">\n<div class=\"wp-block-column is-layout-flow wp-block-column-is-layout-flow\">\n<h2 class=\"wp-block-heading\"><a href=\"https:\/\/esperanto-nederland.nl\/index.php\/informatiefolders\/\" data-type=\"page\" data-id=\"195\">Informatiefolders<\/a><\/h2>\n\n\n\n<figure class=\"wp-block-image size-large\"><a href=\"https:\/\/esperanto-nederland.nl\/index.php\/informatiefolders\/\"><img loading=\"lazy\" decoding=\"async\" width=\"1320\" height=\"990\" src=\"https:\/\/esperanto-nederland.nl\/wp-content\/uploads\/2024\/07\/Informatiefolders-kleur-2-edited-2.png\" alt=\"\" class=\"wp-image-4587\" style=\"object-fit:cover\" srcset=\"https:\/\/esperanto-nederland.nl\/wp-content\/uploads\/2024\/07\/Informatiefolders-kleur-2-edited-2.png 1320w, https:\/\/esperanto-nederland.nl\/wp-content\/uploads\/2024\/07\/Informatiefolders-kleur-2-edited-2-300x225.png 300w, https:\/\/esperanto-nederland.nl\/wp-content\/uploads\/2024\/07\/Informatiefolders-kleur-2-edited-2-1024x768.png 1024w, https:\/\/esperanto-nederland.nl\/wp-content\/uploads\/2024\/07\/Informatiefolders-kleur-2-edited-2-768x576.png 768w, https:\/\/esperanto-nederland.nl\/wp-content\/uploads\/2024\/07\/Informatiefolders-kleur-2-edited-2-507x380.png 507w\" sizes=\"auto, (max-width: 1320px) 100vw, 1320px\" \/><\/a><\/figure>\n\n\n\n<p>Op deze site zijn folders opgenomen die meer informatie geven over Esperanto. Ze zijn geschreven in het Nederlands. Deze folders kun je downloaden. <a href=\"https:\/\/esperanto-nederland.nl\/index.php\/informatiefolders\/\" data-type=\"page\" data-id=\"195\">Meer&#8230;<\/a><\/p>\n<\/div>\n\n\n\n<div class=\"wp-block-column is-layout-flow wp-block-column-is-layout-flow\">\n<h2 class=\"wp-block-heading\"><a href=\"https:\/\/esperanto-nederland.nl\/index.php\/informatiepakket\/\" type=\"page\" id=\"194\">Informatiepakket<\/a><\/h2>\n\n\n\n<figure class=\"wp-block-image size-full\"><a href=\"https:\/\/esperanto-nederland.nl\/index.php\/informatiepakket\/\"><img loading=\"lazy\" decoding=\"async\" width=\"779\" height=\"584\" src=\"https:\/\/esperanto-nederland.nl\/wp-content\/uploads\/2024\/07\/Informatiepakket-kleur-edited.png\" alt=\"\" class=\"wp-image-4588\" style=\"object-fit:cover\" srcset=\"https:\/\/esperanto-nederland.nl\/wp-content\/uploads\/2024\/07\/Informatiepakket-kleur-edited.png 779w, https:\/\/esperanto-nederland.nl\/wp-content\/uploads\/2024\/07\/Informatiepakket-kleur-edited-300x225.png 300w, https:\/\/esperanto-nederland.nl\/wp-content\/uploads\/2024\/07\/Informatiepakket-kleur-edited-768x576.png 768w, https:\/\/esperanto-nederland.nl\/wp-content\/uploads\/2024\/07\/Informatiepakket-kleur-edited-507x380.png 507w\" sizes=\"auto, (max-width: 779px) 100vw, 779px\" \/><\/a><\/figure>\n\n\n\n<p>Je kunt een gratis gratis informatiepakket opvragen. In dit pakket zit informatie over Esperanto en foldermateriaal. Op verzoek kun je meerdere exemplaren van folders krijgen, bijvoorbeeld voor het houden van een spreekbeurt. <a href=\"https:\/\/esperanto-nederland.nl\/index.php\/informatiepakket\/\" type=\"page\" id=\"194\">Meer&#8230;<\/a><\/p>\n<\/div>\n\n\n\n<div class=\"wp-block-column is-layout-flow wp-block-column-is-layout-flow\">\n<h2 class=\"wp-block-heading\"><a href=\"https:\/\/esperanto-nederland.nl\/index.php\/esperanto-en-de-computer\/\">Op de computer<\/a><\/h2>\n\n\n\n<figure class=\"wp-block-image size-large\"><a href=\"https:\/\/esperanto-nederland.nl\/index.php\/esperanto-en-de-computer\/\"><img decoding=\"async\" src=\"https:\/\/esperanto-nederland.nl\/wp-content\/uploads\/2024\/02\/Literoj.png\" alt=\"\" style=\"aspect-ratio:4\/3;object-fit:cover\"\/><\/a><\/figure>\n\n\n\n<p>Toen Zamenhof in 1887 Esperanto lanceerde, had hij er uiteraard geen idee van dat er computers zouden komen. Het Esperantoalfabet wordt geschreven met karakters die uniek zijn aan het Esperanto. <a href=\"https:\/\/esperanto-nederland.nl\/index.php\/esperanto-en-de-computer\/\">Meer&#8230;<\/a><\/p>\n<\/div>\n<\/div>\n","protected":false},"excerpt":{"rendered":"<p>De taal Esperanto is bedacht om door zoveel mogelijk mensen op de wereld te worden geleerd, zodat mensen uit verschillende culturen en van verschillende talen met elkaar in contact kunnen komen en met elkaar kunnen praten. De taal is vrij eenvoudig te leren, zeker voor Europeanen. Esperanto heeft een eenvoudige grammatica en een beperkt aantal &hellip; <a href=\"https:\/\/esperanto-nederland.nl\/index.php\/wat-is-esperanto\/\" class=\"more-link\">Verder lezen <span class=\"screen-reader-text\">Wat is Esperanto<\/span><\/a><\/p>\n","protected":false},"author":7,"featured_media":0,"parent":0,"menu_order":0,"comment_status":"closed","ping_status":"closed","template":"","meta":{"footnotes":""},"class_list":["post-411","page","type-page","status-publish","hentry","without-featured-image"],"_links":{"self":[{"href":"https:\/\/esperanto-nederland.nl\/index.php\/wp-json\/wp\/v2\/pages\/411","targetHints":{"allow":["GET"]}}],"collection":[{"href":"https:\/\/esperanto-nederland.nl\/index.php\/wp-json\/wp\/v2\/pages"}],"about":[{"href":"https:\/\/esperanto-nederland.nl\/index.php\/wp-json\/wp\/v2\/types\/page"}],"author":[{"embeddable":true,"href":"https:\/\/esperanto-nederland.nl\/index.php\/wp-json\/wp\/v2\/users\/7"}],"replies":[{"embeddable":true,"href":"https:\/\/esperanto-nederland.nl\/index.php\/wp-json\/wp\/v2\/comments?post=411"}],"version-history":[{"count":53,"href":"https:\/\/esperanto-nederland.nl\/index.php\/wp-json\/wp\/v2\/pages\/411\/revisions"}],"predecessor-version":[{"id":12287,"href":"https:\/\/esperanto-nederland.nl\/index.php\/wp-json\/wp\/v2\/pages\/411\/revisions\/12287"}],"wp:attachment":[{"href":"https:\/\/esperanto-nederland.nl\/index.php\/wp-json\/wp\/v2\/media?parent=411"}],"curies":[{"name":"wp","href":"https:\/\/api.w.org\/{rel}","templated":true}]}}