{"id":5356,"date":"2024-08-11T16:02:02","date_gmt":"2024-08-11T14:02:02","guid":{"rendered":"https:\/\/esperanto-nederland.nl\/?page_id=5356"},"modified":"2026-03-26T21:16:11","modified_gmt":"2026-03-26T20:16:11","slug":"aanmeldformulier-culturele-dag","status":"publish","type":"page","link":"https:\/\/esperanto-nederland.nl\/index.php\/aanmeldformulier-culturele-dag\/","title":{"rendered":"Aanmeldformulier culturele dag"},"content":{"rendered":"\n<p>Vul het formulier in om je aan te melden voor de culturele dag.<\/p>\n\n\n\n<p><\/p>\n\n\n<style id=\"wpforms-css-vars-2076-block-e417c675-86b8-40c2-94ba-9e52e962ee91\">\n\t\t\t\t#wpforms-2076.wpforms-block-e417c675-86b8-40c2-94ba-9e52e962ee91 {\n\t\t\t\t--wpforms-field-size-input-height: 43px;\n--wpforms-field-size-input-spacing: 15px;\n--wpforms-field-size-font-size: 16px;\n--wpforms-field-size-line-height: 19px;\n--wpforms-field-size-padding-h: 14px;\n--wpforms-field-size-checkbox-size: 16px;\n--wpforms-field-size-sublabel-spacing: 5px;\n--wpforms-field-size-icon-size: 1;\n--wpforms-label-size-font-size: 16px;\n--wpforms-label-size-line-height: 19px;\n--wpforms-label-size-sublabel-font-size: 14px;\n--wpforms-label-size-sublabel-line-height: 17px;\n--wpforms-button-size-font-size: 17px;\n--wpforms-button-size-height: 41px;\n--wpforms-button-size-padding-h: 15px;\n--wpforms-button-size-margin-top: 10px;\n--wpforms-container-shadow-size-box-shadow: none;\n\t\t\t}\n\t\t\t<\/style><div class=\"wpforms-container wpforms-container-full wpforms-block wpforms-block-e417c675-86b8-40c2-94ba-9e52e962ee91 wpforms-render-modern\" id=\"wpforms-2076\"><form id=\"wpforms-form-2076\" class=\"wpforms-validate wpforms-form wpforms-ajax-form\" data-formid=\"2076\" method=\"post\" enctype=\"multipart\/form-data\" action=\"\/index.php\/wp-json\/wp\/v2\/pages\/5356\" data-token=\"904d7d92a34c2e1b5f614a36a7d990f0\" data-token-time=\"1776510715\"><noscript class=\"wpforms-error-noscript\">Schakel JavaScript in je browser in om dit formulier in te vullen.<\/noscript><div id=\"wpforms-error-noscript\" style=\"display: none;\">Schakel JavaScript in je browser in om dit formulier in te vullen.<\/div><div class=\"wpforms-field-container\"><div id=\"wpforms-2076-field_49-container\" class=\"wpforms-field wpforms-field-html\" data-field-id=\"49\"><div id=\"wpforms-2076-field_49\" aria-errormessage=\"wpforms-2076-field_49-error\"><b>Naam | Nomo<\/b><span style=\"color: red;\">*<\/span><\/div><\/div><div id=\"wpforms-2076-field_50-container\" class=\"wpforms-field wpforms-field-layout\" data-field-id=\"50\"><div class=\"wpforms-field-layout-rows wpforms-field-large\"><div class=\"wpforms-layout-row\"><div class=\"wpforms-layout-column wpforms-layout-column-33\"><div id=\"wpforms-2076-field_45-container\" class=\"wpforms-field wpforms-field-text\" data-field-id=\"45\"><label class=\"wpforms-field-label wpforms-label-hide\" for=\"wpforms-2076-field_45\" aria-hidden=\"false\">Voornaam | Anta\u016dnomo <span class=\"wpforms-required-label\" aria-hidden=\"true\">*<\/span><\/label><input type=\"text\" id=\"wpforms-2076-field_45\" class=\"wpforms-field-medium wpforms-field-required\" name=\"wpforms[fields][45]\" placeholder=\"Voornaam | Anta\u016dnomo\" aria-errormessage=\"wpforms-2076-field_45-error\" required><\/div><\/div><div class=\"wpforms-layout-column wpforms-layout-column-67\"><div id=\"wpforms-2076-field_46-container\" class=\"wpforms-field wpforms-field-text\" data-field-id=\"46\"><label class=\"wpforms-field-label wpforms-label-hide\" for=\"wpforms-2076-field_46\" aria-hidden=\"false\">Achternaam | Familia nomo <span class=\"wpforms-required-label\" aria-hidden=\"true\">*<\/span><\/label><input type=\"text\" id=\"wpforms-2076-field_46\" class=\"wpforms-field-medium wpforms-field-required\" name=\"wpforms[fields][46]\" placeholder=\"Achternaam | Familia nomo\" aria-errormessage=\"wpforms-2076-field_46-error\" required><\/div><\/div><\/div><\/div><\/div><div id=\"wpforms-2076-field_3-container\" class=\"wpforms-field wpforms-field-text\" data-field-id=\"3\"><label class=\"wpforms-field-label\" for=\"wpforms-2076-field_3\">Adres | Adreso<\/label><input type=\"text\" id=\"wpforms-2076-field_3\" class=\"wpforms-field-medium\" name=\"wpforms[fields][3]\" aria-errormessage=\"wpforms-2076-field_3-error\" ><\/div><div id=\"wpforms-2076-field_4-container\" class=\"wpforms-field wpforms-field-layout\" data-field-id=\"4\"><div class=\"wpforms-field-layout-columns wpforms-field-layout-preset-33-67\"><div class=\"wpforms-layout-column wpforms-layout-column-33\" ><div id=\"wpforms-2076-field_5-container\" class=\"wpforms-field wpforms-field-text\" data-field-id=\"5\"><label class=\"wpforms-field-label\" for=\"wpforms-2076-field_5\">Postcode | Po\u015dtkodo<\/label><input type=\"text\" id=\"wpforms-2076-field_5\" class=\"wpforms-field-small wpforms-limit-characters-enabled\" data-form-id=\"2076\" data-field-id=\"5\" data-text-limit=\"8\" name=\"wpforms[fields][5]\" aria-errormessage=\"wpforms-2076-field_5-error\" maxlength=\"8\" ><\/div><\/div><div class=\"wpforms-layout-column wpforms-layout-column-67\" ><div id=\"wpforms-2076-field_7-container\" class=\"wpforms-field wpforms-field-text\" data-field-id=\"7\"><label class=\"wpforms-field-label\" for=\"wpforms-2076-field_7\">Woonplaats | Lo\u011dloko <span class=\"wpforms-required-label\" aria-hidden=\"true\">*<\/span><\/label><input type=\"text\" id=\"wpforms-2076-field_7\" class=\"wpforms-field-medium wpforms-field-required\" name=\"wpforms[fields][7]\" aria-errormessage=\"wpforms-2076-field_7-error\" required><\/div><\/div><\/div><\/div><div id=\"wpforms-2076-field_8-container\" class=\"wpforms-field wpforms-field-phone\" data-field-id=\"8\"><label class=\"wpforms-field-label\" for=\"wpforms-2076-field_8\">Telefoonnummer | Telefonnumero <span class=\"wpforms-required-label\" aria-hidden=\"true\">*<\/span><\/label><input type=\"tel\" id=\"wpforms-2076-field_8\" class=\"wpforms-field-medium wpforms-field-required\" data-rule-int-phone-field=\"true\" name=\"wpforms[fields][8]\" aria-label=\"Telefoonnummer | Telefonnumero\" aria-errormessage=\"wpforms-2076-field_8-error\" required><\/div><div id=\"wpforms-2076-field_1-container\" class=\"wpforms-field wpforms-field-email\" data-field-id=\"1\"><label class=\"wpforms-field-label\" for=\"wpforms-2076-field_1\">E-mail | Retadreso <span class=\"wpforms-required-label\" aria-hidden=\"true\">*<\/span><\/label><input type=\"email\" id=\"wpforms-2076-field_1\" class=\"wpforms-field-medium wpforms-field-required\" name=\"wpforms[fields][1]\" spellcheck=\"false\" aria-errormessage=\"wpforms-2076-field_1-error\" required><\/div><div id=\"wpforms-2076-field_52-container\" class=\"wpforms-field wpforms-field-html\" data-field-id=\"52\"><div id=\"wpforms-2076-field_52\" aria-errormessage=\"wpforms-2076-field_52-error\"><h3>Vervoerswijze | Veturmaniero<\/h3>\r\nHier graag aangeven of je met eigen dan wel openbaar vervoer komt.<br \/>\r\n\u0108u vi venos per propra a\u016d publika transportilo?<\/div><\/div><div id=\"wpforms-2076-field_54-container\" class=\"wpforms-field wpforms-field-select wpforms-field-select-style-classic\" data-field-id=\"54\"><label class=\"wpforms-field-label wpforms-label-hide\" for=\"wpforms-2076-field_54\" aria-hidden=\"false\">Vervoerswijze | Veturmaniero<\/label><select id=\"wpforms-2076-field_54\" class=\"wpforms-field-medium\" name=\"wpforms[fields][54]\"><option value=\"Met eigen vervoer | Per propra transportilo\"  class=\"choice-1 depth-1\"  >Met eigen vervoer | Per propra transportilo<\/option><option value=\"Met openbaar vervoer | Per publika transportilo\"  class=\"choice-2 depth-1\"  >Met openbaar vervoer | Per publika transportilo<\/option><\/select><\/div><div id=\"wpforms-2076-field_14-container\" class=\"wpforms-field wpforms-field-html\" data-field-id=\"14\"><div id=\"wpforms-2076-field_14\" aria-errormessage=\"wpforms-2076-field_14-error\"><h3>Deelnemerslijst | Partoprenantoj<\/h3>\r\nWe versturen een lijst met deelnemers naar de deelnemers. Dit wordt gedaan om elkaar te informeren wie er heen gaat, zodat men samen kan reizen. De lijst wordt niet op de website gepubliceerd.<br \/>\r\nNi sendos liston kun partoprenantoj al la partoprenantoj. Ni faras \u0109i tion por informi unu la alian, kiu iras, por ke homoj povu voja\u011di kune. Ni ne publikigas la liston en la retejon. <\/div><\/div><div id=\"wpforms-2076-field_29-container\" class=\"wpforms-field wpforms-field-radio\" data-field-id=\"29\"><fieldset><legend class=\"wpforms-field-label wpforms-label-hide\" aria-hidden=\"false\">Opname in deelnamelijst <\/legend><ul id=\"wpforms-2076-field_29\"><li class=\"choice-1 depth-1\"><input type=\"radio\" id=\"wpforms-2076-field_29_1\" name=\"wpforms[fields][29]\" value=\"De volgende gegevens mogen naar de andere deelnemers worden toegestuurd: naam, woonplaats, mailadres en met welk vervoersmiddel je komt.\u00a0Hiermee faciliteren we dat deelnemers met elkaar kunnen reizen.&lt;br&gt;La sekvaj datumoj povas esti senditaj al la aliaj partoprenantoj: nomo, lo\u011dloko, retpo\u015dtadreso kaj per kia transportilo vi venos. Tiel ni faciligas ke la partoprenantoj povas voja\u011di kune.\" aria-errormessage=\"wpforms-2076-field_29_1-error\"  ><label class=\"wpforms-field-label-inline\" for=\"wpforms-2076-field_29_1\">De volgende gegevens mogen naar de andere deelnemers worden toegestuurd: naam, woonplaats, mailadres en met welk vervoersmiddel je komt.\u00a0Hiermee faciliteren we dat deelnemers met elkaar kunnen reizen.<br>La sekvaj datumoj povas esti senditaj al la aliaj partoprenantoj: nomo, lo\u011dloko, retpo\u015dtadreso kaj per kia transportilo vi venos. Tiel ni faciligas ke la partoprenantoj povas voja\u011di kune.<\/label><\/li><li class=\"choice-2 depth-1\"><input type=\"radio\" id=\"wpforms-2076-field_29_2\" name=\"wpforms[fields][29]\" value=\"Bovenstaande gegevens mogen niet opgenomen worden in de deelnemerslijst. &lt;br&gt;La supraj datumoj ne povos esti konataj de la partoprenantoj.\" aria-errormessage=\"wpforms-2076-field_29_2-error\"  ><label class=\"wpforms-field-label-inline\" for=\"wpforms-2076-field_29_2\">Bovenstaande gegevens mogen niet opgenomen worden in de deelnemerslijst. <br>La supraj datumoj ne povos esti konataj de la partoprenantoj.<\/label><\/li><\/ul><\/fieldset><\/div><div id=\"wpforms-2076-field_16-container\" class=\"wpforms-field wpforms-field-html\" data-field-id=\"16\"><div id=\"wpforms-2076-field_16\" aria-errormessage=\"wpforms-2076-field_16-error\"><h3>Bezoek aan het museum | Vizito al la muzeo <\/h3><\/div><\/div><div id=\"wpforms-2076-field_33-container\" class=\"wpforms-field wpforms-field-radio wpforms-conditional-trigger\" data-field-id=\"33\"><fieldset><legend class=\"wpforms-field-label\">Aan welke activiteit wil je deelnemen? | Al kiu agado vi volas partopreni? <span class=\"wpforms-required-label\" aria-hidden=\"true\">*<\/span><\/legend><ul id=\"wpforms-2076-field_33\" class=\"wpforms-field-required\"><li class=\"choice-2 depth-1\"><input type=\"radio\" id=\"wpforms-2076-field_33_2\" name=\"wpforms[fields][33]\" value=\"Ik wil de insectentuin Geerbos bezoeken (met gids). - Geen extra kosten.&lt;br&gt;Mi \u015datas viziti la insekto-\u011dardenon Geerbos (kun \u0109icerono) - Sen kromaj pagoj.\" aria-errormessage=\"wpforms-2076-field_33_2-error\" required ><label class=\"wpforms-field-label-inline\" for=\"wpforms-2076-field_33_2\">Ik wil de insectentuin Geerbos bezoeken (met gids). &#8211; Geen extra kosten.<br>Mi \u015datas viziti la insekto-\u011dardenon Geerbos (kun \u0109icerono) &#8211; Sen kromaj pagoj.<\/label><\/li><li class=\"choice-1 depth-1\"><input type=\"radio\" id=\"wpforms-2076-field_33_1\" name=\"wpforms[fields][33]\" value=\"Ik wil de chocoladefabriek (Noordkade) bezoeken. - 25 euro extra.&lt;br&gt;Mi \u015datas viziti la Chocolate factory  (Noordkade) \u2013 Krompago de 25 e\u016droj.\" aria-errormessage=\"wpforms-2076-field_33_1-error\" required ><label class=\"wpforms-field-label-inline\" for=\"wpforms-2076-field_33_1\">Ik wil de chocoladefabriek (Noordkade) bezoeken. &#8211; 25 euro extra.<br>Mi \u015datas viziti la Chocolate factory  (Noordkade) \u2013 Krompago de 25 e\u016droj.<\/label><\/li><\/ul><\/fieldset><\/div><div id=\"wpforms-2076-field_20-container\" class=\"wpforms-field wpforms-field-html\" data-field-id=\"20\"><div id=\"wpforms-2076-field_20\" aria-errormessage=\"wpforms-2076-field_20-error\"><h3>Gezamenlijk avondeten | Komuna vesperman\u011do<\/h3>\r\nEet je &#8216;s avonds mee? | \u0108u vi partoprenos la vesperman\u011don?<br \/><\/div><\/div><div id=\"wpforms-2076-field_31-container\" class=\"wpforms-field wpforms-field-radio\" data-field-id=\"31\"><fieldset><legend class=\"wpforms-field-label wpforms-label-hide\" aria-hidden=\"false\">Avondeten <span class=\"wpforms-required-label\" aria-hidden=\"true\">*<\/span><\/legend><ul id=\"wpforms-2076-field_31\" class=\"wpforms-field-required\"><li class=\"choice-1 depth-1\"><input type=\"radio\" id=\"wpforms-2076-field_31_1\" name=\"wpforms[fields][31]\" value=\"Ik neem deel aan de avondmaaltijd. Ik betaal zelf. &lt;br&gt;Mi partoprenos la vesperman\u011don. Mi pagos mem.\" aria-errormessage=\"wpforms-2076-field_31_1-error\" required ><label class=\"wpforms-field-label-inline\" for=\"wpforms-2076-field_31_1\">Ik neem deel aan de avondmaaltijd. Ik betaal zelf. <br>Mi partoprenos la vesperman\u011don. Mi pagos mem.<\/label><\/li><li class=\"choice-2 depth-1\"><input type=\"radio\" id=\"wpforms-2076-field_31_2\" name=\"wpforms[fields][31]\" value=\"Ik neem geen deel aan de avondmaaltijd.&lt;br&gt;Mi ne partoprenos la vesperman\u011don.\" aria-errormessage=\"wpforms-2076-field_31_2-error\" required ><label class=\"wpforms-field-label-inline\" for=\"wpforms-2076-field_31_2\">Ik neem geen deel aan de avondmaaltijd.<br>Mi ne partoprenos la vesperman\u011don.<\/label><\/li><\/ul><\/fieldset><\/div><div id=\"wpforms-2076-field_22-container\" class=\"wpforms-field wpforms-field-textarea\" data-field-id=\"22\"><label class=\"wpforms-field-label\" for=\"wpforms-2076-field_22\">Dieetwensen | Dietaj postuloj<\/label><textarea id=\"wpforms-2076-field_22\" class=\"wpforms-field-medium\" name=\"wpforms[fields][22]\" aria-errormessage=\"wpforms-2076-field_22-error\" ><\/textarea><\/div><div id=\"wpforms-2076-field_39-container\" class=\"wpforms-field wpforms-field-html\" data-field-id=\"39\"><div id=\"wpforms-2076-field_39\" aria-errormessage=\"wpforms-2076-field_39-error\"><h3>Eigen bijdrage | Persona kontribuo <\/h3><\/div><\/div><div id=\"wpforms-2076-field_30-container\" class=\"wpforms-field wpforms-field-radio wpforms-conditional-trigger\" data-field-id=\"30\"><fieldset><legend class=\"wpforms-field-label wpforms-label-hide\" aria-hidden=\"false\">Lidmaatschapskorting <span class=\"wpforms-required-label\" aria-hidden=\"true\">*<\/span><\/legend><ul id=\"wpforms-2076-field_30\" class=\"wpforms-field-required\"><li class=\"choice-1 depth-1\"><input type=\"radio\" id=\"wpforms-2076-field_30_1\" name=\"wpforms[fields][30]\" value=\"Ik ben lid van Esperanto Nederland. (\u20ac 2,00 korting)&lt;br&gt;Mi estas membro de Esperanto Nederland. (\u20ac 2,00 rabato)\" aria-errormessage=\"wpforms-2076-field_30_1-error\" required ><label class=\"wpforms-field-label-inline\" for=\"wpforms-2076-field_30_1\">Ik ben lid van Esperanto Nederland. (\u20ac 2,00 korting)<br>Mi estas membro de Esperanto Nederland. (\u20ac 2,00 rabato)<\/label><\/li><li class=\"choice-2 depth-1\"><input type=\"radio\" id=\"wpforms-2076-field_30_2\" name=\"wpforms[fields][30]\" value=\"Ik ben geen lid van Esperanto Nederland.&lt;br&gt;Mi ne estas membro de Esperanto Nederland.\" aria-errormessage=\"wpforms-2076-field_30_2-error\" required ><label class=\"wpforms-field-label-inline\" for=\"wpforms-2076-field_30_2\">Ik ben geen lid van Esperanto Nederland.<br>Mi ne estas membro de Esperanto Nederland.<\/label><\/li><\/ul><\/fieldset><\/div><div id=\"wpforms-2076-field_35-container\" class=\"wpforms-field wpforms-field-html wpforms-conditional-field wpforms-conditional-show\" data-field-id=\"35\" style=\"display:none;\"><div id=\"wpforms-2076-field_35\" aria-errormessage=\"wpforms-2076-field_35-error\">De bijdrage voor deze dag is | La kontribuo por \u0109i tiu tago estas <b>\u20ac 28,00 <\/b><\/div><\/div><div id=\"wpforms-2076-field_41-container\" class=\"wpforms-field wpforms-field-html wpforms-conditional-field wpforms-conditional-show\" data-field-id=\"41\" style=\"display:none;\"><div id=\"wpforms-2076-field_41\" aria-errormessage=\"wpforms-2076-field_41-error\">De bijdrage voor deze dag is | La kontribuo por \u0109i tiu tago estas <b>\u20ac 30,00 <\/b><\/div><\/div><div id=\"wpforms-2076-field_36-container\" class=\"wpforms-field wpforms-field-html wpforms-conditional-field wpforms-conditional-show\" data-field-id=\"36\" style=\"display:none;\"><div id=\"wpforms-2076-field_36\" aria-errormessage=\"wpforms-2076-field_36-error\">De bijdrage voor deze dag is | La kontribuo por \u0109i tiu tago estas <b>\u20ac 53,00<\/b><\/div><\/div><div id=\"wpforms-2076-field_42-container\" class=\"wpforms-field wpforms-field-html wpforms-conditional-field wpforms-conditional-show\" data-field-id=\"42\" style=\"display:none;\"><div id=\"wpforms-2076-field_42\" aria-errormessage=\"wpforms-2076-field_42-error\">De bijdrage voor deze dag is | La kontribuo por \u0109i tiu tago estas <b>\u20ac 55,00<\/b><\/div><\/div><div id=\"wpforms-2076-field_19-container\" class=\"wpforms-field wpforms-field-html\" data-field-id=\"19\"><div id=\"wpforms-2076-field_19\" aria-errormessage=\"wpforms-2076-field_19-error\">Het bedrag kun je overmaken naar de Triodos Bank op rekeningnummer:\r\nNL10 TRIO 0786 8441 67, ten name van Esperanto Nederland, onder vermelding van: <b>culturele dag + je naam.<\/b>\r\n<br \/>\r\n<br \/>\r\nVi povas transkontigi la sumon al Triodos Bank en la konton de Esperanto Nederland. \r\n\r\n<br \/>IBAN: NL10 TRIO 0786 8441 67\r\n\u2028BIC-kodo: TRIONL2U. Menciu: <b>kultura tago + vian nomon.<\/b><\/div><\/div><div id=\"wpforms-2076-field_24-container\" class=\"wpforms-field wpforms-field-html\" data-field-id=\"24\"><div id=\"wpforms-2076-field_24\" aria-errormessage=\"wpforms-2076-field_24-error\"><h3>Fotomateriaal | Fotoj <\/h3><\/div><\/div><div id=\"wpforms-2076-field_32-container\" class=\"wpforms-field wpforms-field-radio\" data-field-id=\"32\"><fieldset><legend class=\"wpforms-field-label wpforms-label-hide\" aria-hidden=\"false\">Fotomateriaal | Fotoj  <span class=\"wpforms-required-label\" aria-hidden=\"true\">*<\/span><\/legend><ul id=\"wpforms-2076-field_32\" class=\"wpforms-field-required\"><li class=\"choice-1 depth-1\"><input type=\"radio\" id=\"wpforms-2076-field_32_1\" name=\"wpforms[fields][32]\" value=\"Foto\u2019s van de bijeenkomst waarop ik herkenbaar in beeld ben, mogen door de organisatie openbaar worden gemaakt. | &lt;br&gt;La organizantoj rajtas publikigi fotojn de la evento sur kiuj mi estas rekonebla.\" aria-errormessage=\"wpforms-2076-field_32_1-error\" required ><label class=\"wpforms-field-label-inline\" for=\"wpforms-2076-field_32_1\">Foto\u2019s van de bijeenkomst waarop ik herkenbaar in beeld ben, mogen door de organisatie openbaar worden gemaakt. | <br>La organizantoj rajtas publikigi fotojn de la evento sur kiuj mi estas rekonebla.<\/label><\/li><li class=\"choice-2 depth-1\"><input type=\"radio\" id=\"wpforms-2076-field_32_2\" name=\"wpforms[fields][32]\" value=\"Foto\u2019s van de bijeenkomst waarop ik herkenbaar in beeld ben, mogen niet door de organisatie openbaar worden gemaakt. | &lt;br&gt;La organizantoj ne rajtas publikigi fotojn de la evento sur kiuj mi estas rekonebla.\" aria-errormessage=\"wpforms-2076-field_32_2-error\" required ><label class=\"wpforms-field-label-inline\" for=\"wpforms-2076-field_32_2\">Foto\u2019s van de bijeenkomst waarop ik herkenbaar in beeld ben, mogen niet door de organisatie openbaar worden gemaakt. | <br>La organizantoj ne rajtas publikigi fotojn de la evento sur kiuj mi estas rekonebla.<\/label><\/li><\/ul><\/fieldset><\/div><div id=\"wpforms-2076-field_40-container\" class=\"wpforms-field wpforms-field-textarea\" data-field-id=\"40\"><label class=\"wpforms-field-label\" for=\"wpforms-2076-field_40\">Opmerkingen | Rimarkoj<\/label><textarea id=\"wpforms-2076-field_40\" class=\"wpforms-field-medium\" name=\"wpforms[fields][40]\" aria-errormessage=\"wpforms-2076-field_40-error\" ><\/textarea><\/div><\/div><!-- .wpforms-field-container --><div class=\"wpforms-submit-container\" ><input type=\"hidden\" name=\"wpforms[id]\" value=\"2076\"><input type=\"hidden\" name=\"page_title\" value=\"\"><input type=\"hidden\" name=\"page_url\" value=\"https:\/\/esperanto-nederland.nl\/index.php\/wp-json\/wp\/v2\/pages\/5356\"><input type=\"hidden\" name=\"url_referer\" value=\"\"><button type=\"submit\" name=\"wpforms[submit]\" id=\"wpforms-submit-2076\" class=\"wpforms-submit\" data-alt-text=\"Verzenden... | Sendi...\" data-submit-text=\"Verzenden | Sendu\" aria-live=\"assertive\" value=\"wpforms-submit\">Verzenden | Sendu<\/button><img loading=\"lazy\" decoding=\"async\" src=\"https:\/\/esperanto-nederland.nl\/wp-content\/plugins\/wpforms\/assets\/images\/submit-spin.svg\" class=\"wpforms-submit-spinner\" style=\"display: none;\" width=\"26\" height=\"26\" alt=\"Aan het laden\"><\/div><\/form><\/div>  <!-- .wpforms-container -->","protected":false},"excerpt":{"rendered":"<p>Vul het formulier in om je aan te melden voor de culturele dag.<\/p>\n","protected":false},"author":2,"featured_media":0,"parent":0,"menu_order":0,"comment_status":"closed","ping_status":"closed","template":"","meta":{"footnotes":""},"class_list":["post-5356","page","type-page","status-publish","hentry","without-featured-image"],"_links":{"self":[{"href":"https:\/\/esperanto-nederland.nl\/index.php\/wp-json\/wp\/v2\/pages\/5356","targetHints":{"allow":["GET"]}}],"collection":[{"href":"https:\/\/esperanto-nederland.nl\/index.php\/wp-json\/wp\/v2\/pages"}],"about":[{"href":"https:\/\/esperanto-nederland.nl\/index.php\/wp-json\/wp\/v2\/types\/page"}],"author":[{"embeddable":true,"href":"https:\/\/esperanto-nederland.nl\/index.php\/wp-json\/wp\/v2\/users\/2"}],"replies":[{"embeddable":true,"href":"https:\/\/esperanto-nederland.nl\/index.php\/wp-json\/wp\/v2\/comments?post=5356"}],"version-history":[{"count":8,"href":"https:\/\/esperanto-nederland.nl\/index.php\/wp-json\/wp\/v2\/pages\/5356\/revisions"}],"predecessor-version":[{"id":13082,"href":"https:\/\/esperanto-nederland.nl\/index.php\/wp-json\/wp\/v2\/pages\/5356\/revisions\/13082"}],"wp:attachment":[{"href":"https:\/\/esperanto-nederland.nl\/index.php\/wp-json\/wp\/v2\/media?parent=5356"}],"curies":[{"name":"wp","href":"https:\/\/api.w.org\/{rel}","templated":true}]}}