{"id":5702,"date":"2024-08-21T06:03:47","date_gmt":"2024-08-21T04:03:47","guid":{"rendered":"https:\/\/esperanto-nederland.nl\/?page_id=5702"},"modified":"2024-12-22T08:50:12","modified_gmt":"2024-12-22T07:50:12","slug":"aanmeldformulier-lidmaatschap","status":"publish","type":"page","link":"https:\/\/esperanto-nederland.nl\/index.php\/aanmeldformulier-lidmaatschap\/","title":{"rendered":"Aanmeldformulier lidmaatschap"},"content":{"rendered":"\n<p>Vul onderstaand formulier in om je aan te melden als lid van de vereniging Esperanto Nederland.<\/p>\n\n\n<div class=\"wpforms-container wpforms-container-full wpforms-block wpforms-block-f29f3e4e-470e-4bee-a4ee-be27c32d6fe9 wpforms-render-modern\" id=\"wpforms-4273\"><form id=\"wpforms-form-4273\" class=\"wpforms-validate wpforms-form wpforms-ajax-form\" data-formid=\"4273\" method=\"post\" enctype=\"multipart\/form-data\" action=\"\/index.php\/wp-json\/wp\/v2\/pages\/5702\" data-token=\"ffa1312985cda76f7dc7efc234f22d4b\" data-token-time=\"1776500281\"><noscript class=\"wpforms-error-noscript\">Schakel JavaScript in je browser in om dit formulier in te vullen.<\/noscript><div id=\"wpforms-error-noscript\" style=\"display: none;\">Schakel JavaScript in je browser in om dit formulier in te vullen.<\/div><div class=\"wpforms-field-container\"><div id=\"wpforms-4273-field_20-container\" class=\"wpforms-field wpforms-field-name\" data-field-id=\"20\"><fieldset><legend class=\"wpforms-field-label\">Naam | Nomo <span class=\"wpforms-required-label\" aria-hidden=\"true\">*<\/span><\/legend><div class=\"wpforms-field-row wpforms-field-medium\"><div class=\"wpforms-field-row-block wpforms-first wpforms-one-half\"><input type=\"text\" id=\"wpforms-4273-field_20\" class=\"wpforms-field-name-first wpforms-field-required\" name=\"wpforms[fields][20][first]\" placeholder=\"Voornaam | Anta\u016dnomo\" aria-errormessage=\"wpforms-4273-field_20-error\" required><label for=\"wpforms-4273-field_20\" class=\"wpforms-field-sublabel after wpforms-sublabel-hide\">Voornaam<\/label><\/div><div class=\"wpforms-field-row-block wpforms-one-half\"><input type=\"text\" id=\"wpforms-4273-field_20-last\" class=\"wpforms-field-name-last wpforms-field-required\" name=\"wpforms[fields][20][last]\" placeholder=\"Achternaam | Familia nomo\" aria-errormessage=\"wpforms-4273-field_20-last-error\" required><label for=\"wpforms-4273-field_20-last\" class=\"wpforms-field-sublabel after wpforms-sublabel-hide\">Achternaam<\/label><\/div><\/div><\/fieldset><\/div><div id=\"wpforms-4273-field_23-container\" class=\"wpforms-field wpforms-field-text\" data-field-id=\"23\"><label class=\"wpforms-field-label\" for=\"wpforms-4273-field_23\">Adres | Adreso <span class=\"wpforms-required-label\" aria-hidden=\"true\">*<\/span><\/label><input type=\"text\" id=\"wpforms-4273-field_23\" class=\"wpforms-field-medium wpforms-field-required\" name=\"wpforms[fields][23]\" aria-errormessage=\"wpforms-4273-field_23-error\" required><\/div><div id=\"wpforms-4273-field_5-container\" class=\"wpforms-field wpforms-field-layout\" data-field-id=\"5\"><div class=\"wpforms-field-layout-rows wpforms-field-large\"><div class=\"wpforms-layout-row\"><div class=\"wpforms-layout-column wpforms-layout-column-50\"><div id=\"wpforms-4273-field_6-container\" class=\"wpforms-field wpforms-field-text\" data-field-id=\"6\"><label class=\"wpforms-field-label\" for=\"wpforms-4273-field_6\">Postcode | Po\u015dtkodo <span class=\"wpforms-required-label\" aria-hidden=\"true\">*<\/span><\/label><input type=\"text\" id=\"wpforms-4273-field_6\" class=\"wpforms-field-medium wpforms-field-required\" name=\"wpforms[fields][6]\" aria-errormessage=\"wpforms-4273-field_6-error\" required><\/div><\/div><div class=\"wpforms-layout-column wpforms-layout-column-50\"><div id=\"wpforms-4273-field_7-container\" class=\"wpforms-field wpforms-field-text\" data-field-id=\"7\"><label class=\"wpforms-field-label\" for=\"wpforms-4273-field_7\">Woonplaats | Lo\u011dloko <span class=\"wpforms-required-label\" aria-hidden=\"true\">*<\/span><\/label><input type=\"text\" id=\"wpforms-4273-field_7\" class=\"wpforms-field-medium wpforms-field-required\" name=\"wpforms[fields][7]\" aria-errormessage=\"wpforms-4273-field_7-error\" required><\/div><\/div><\/div><\/div><\/div><div id=\"wpforms-4273-field_24-container\" class=\"wpforms-field wpforms-field-phone\" data-field-id=\"24\"><label class=\"wpforms-field-label\" for=\"wpforms-4273-field_24\">Telefoonnummer | Telefonnumero <span class=\"wpforms-required-label\" aria-hidden=\"true\">*<\/span><\/label><input type=\"tel\" id=\"wpforms-4273-field_24\" class=\"wpforms-field-medium wpforms-field-required\" data-rule-int-phone-field=\"true\" name=\"wpforms[fields][24]\" aria-label=\"Telefoonnummer | Telefonnumero\" aria-errormessage=\"wpforms-4273-field_24-error\" required><\/div><div id=\"wpforms-4273-field_21-container\" class=\"wpforms-field wpforms-field-email\" data-field-id=\"21\"><label class=\"wpforms-field-label\" for=\"wpforms-4273-field_21\">E-mail | Retadreso <span class=\"wpforms-required-label\" aria-hidden=\"true\">*<\/span><\/label><input type=\"email\" id=\"wpforms-4273-field_21\" class=\"wpforms-field-medium wpforms-field-required\" name=\"wpforms[fields][21]\" spellcheck=\"false\" aria-errormessage=\"wpforms-4273-field_21-error\" required><\/div><div id=\"wpforms-4273-field_12-container\" class=\"wpforms-field wpforms-field-date-time\" data-field-id=\"12\"><fieldset><legend class=\"wpforms-field-label\">Geboortedatum | Na\u015dki\u011dtago <span class=\"wpforms-required-label\" aria-hidden=\"true\">*<\/span><\/legend><div class=\"wpforms-field-date-dropdown-wrap wpforms-field-medium\"><select name=\"wpforms[fields][12][date][d]\" id=\"wpforms-4273-field_12-day\" class=\"wpforms-field-date-time-date-day wpforms-field-required\" aria-label=\"Dag\"  required><option value=\"\" class=\"placeholder\" selected disabled>DD<\/option><option value=\"1\" >1<\/option><option value=\"2\" >2<\/option><option value=\"3\" >3<\/option><option value=\"4\" >4<\/option><option value=\"5\" >5<\/option><option value=\"6\" >6<\/option><option value=\"7\" >7<\/option><option value=\"8\" >8<\/option><option value=\"9\" >9<\/option><option value=\"10\" >10<\/option><option value=\"11\" >11<\/option><option value=\"12\" >12<\/option><option value=\"13\" >13<\/option><option value=\"14\" >14<\/option><option value=\"15\" >15<\/option><option value=\"16\" >16<\/option><option value=\"17\" >17<\/option><option value=\"18\" >18<\/option><option value=\"19\" >19<\/option><option value=\"20\" >20<\/option><option value=\"21\" >21<\/option><option value=\"22\" >22<\/option><option value=\"23\" >23<\/option><option value=\"24\" >24<\/option><option value=\"25\" >25<\/option><option value=\"26\" >26<\/option><option value=\"27\" >27<\/option><option value=\"28\" >28<\/option><option value=\"29\" >29<\/option><option value=\"30\" >30<\/option><option value=\"31\" >31<\/option><\/select><select name=\"wpforms[fields][12][date][m]\" id=\"wpforms-4273-field_12-month\" class=\"wpforms-field-date-time-date-month wpforms-field-required\" aria-label=\"Maand\"  required><option value=\"\" class=\"placeholder\" selected disabled>MM<\/option><option value=\"1\" >1<\/option><option value=\"2\" >2<\/option><option value=\"3\" >3<\/option><option value=\"4\" >4<\/option><option value=\"5\" >5<\/option><option value=\"6\" >6<\/option><option value=\"7\" >7<\/option><option value=\"8\" >8<\/option><option value=\"9\" >9<\/option><option value=\"10\" >10<\/option><option value=\"11\" >11<\/option><option value=\"12\" >12<\/option><\/select><select name=\"wpforms[fields][12][date][y]\" id=\"wpforms-4273-field_12-year\" class=\"wpforms-field-date-time-date-year wpforms-field-required\" aria-label=\"Jaar\"  required><option value=\"\" class=\"placeholder\" selected disabled>YYYY<\/option><option value=\"2027\" >2027<\/option><option value=\"2026\" >2026<\/option><option value=\"2025\" >2025<\/option><option value=\"2024\" >2024<\/option><option value=\"2023\" >2023<\/option><option value=\"2022\" >2022<\/option><option value=\"2021\" >2021<\/option><option value=\"2020\" >2020<\/option><option value=\"2019\" >2019<\/option><option value=\"2018\" >2018<\/option><option value=\"2017\" >2017<\/option><option value=\"2016\" >2016<\/option><option value=\"2015\" >2015<\/option><option value=\"2014\" >2014<\/option><option value=\"2013\" >2013<\/option><option value=\"2012\" >2012<\/option><option value=\"2011\" >2011<\/option><option value=\"2010\" >2010<\/option><option value=\"2009\" >2009<\/option><option value=\"2008\" >2008<\/option><option value=\"2007\" >2007<\/option><option value=\"2006\" >2006<\/option><option value=\"2005\" >2005<\/option><option value=\"2004\" >2004<\/option><option value=\"2003\" >2003<\/option><option value=\"2002\" >2002<\/option><option value=\"2001\" >2001<\/option><option value=\"2000\" >2000<\/option><option value=\"1999\" >1999<\/option><option value=\"1998\" >1998<\/option><option value=\"1997\" >1997<\/option><option value=\"1996\" >1996<\/option><option value=\"1995\" >1995<\/option><option value=\"1994\" >1994<\/option><option value=\"1993\" >1993<\/option><option value=\"1992\" >1992<\/option><option value=\"1991\" >1991<\/option><option value=\"1990\" >1990<\/option><option value=\"1989\" >1989<\/option><option value=\"1988\" >1988<\/option><option value=\"1987\" >1987<\/option><option value=\"1986\" >1986<\/option><option value=\"1985\" >1985<\/option><option value=\"1984\" >1984<\/option><option value=\"1983\" >1983<\/option><option value=\"1982\" >1982<\/option><option value=\"1981\" >1981<\/option><option value=\"1980\" >1980<\/option><option value=\"1979\" >1979<\/option><option value=\"1978\" >1978<\/option><option value=\"1977\" >1977<\/option><option value=\"1976\" >1976<\/option><option value=\"1975\" >1975<\/option><option value=\"1974\" >1974<\/option><option value=\"1973\" >1973<\/option><option value=\"1972\" >1972<\/option><option value=\"1971\" >1971<\/option><option value=\"1970\" >1970<\/option><option value=\"1969\" >1969<\/option><option value=\"1968\" >1968<\/option><option value=\"1967\" >1967<\/option><option value=\"1966\" >1966<\/option><option value=\"1965\" >1965<\/option><option value=\"1964\" >1964<\/option><option value=\"1963\" >1963<\/option><option value=\"1962\" >1962<\/option><option value=\"1961\" >1961<\/option><option value=\"1960\" >1960<\/option><option value=\"1959\" >1959<\/option><option value=\"1958\" >1958<\/option><option value=\"1957\" >1957<\/option><option value=\"1956\" >1956<\/option><option value=\"1955\" >1955<\/option><option value=\"1954\" >1954<\/option><option value=\"1953\" >1953<\/option><option value=\"1952\" >1952<\/option><option value=\"1951\" >1951<\/option><option value=\"1950\" >1950<\/option><option value=\"1949\" >1949<\/option><option value=\"1948\" >1948<\/option><option value=\"1947\" >1947<\/option><option value=\"1946\" >1946<\/option><option value=\"1945\" >1945<\/option><option value=\"1944\" >1944<\/option><option value=\"1943\" >1943<\/option><option value=\"1942\" >1942<\/option><option value=\"1941\" >1941<\/option><option value=\"1940\" >1940<\/option><option value=\"1939\" >1939<\/option><option value=\"1938\" >1938<\/option><option value=\"1937\" >1937<\/option><option value=\"1936\" >1936<\/option><option value=\"1935\" >1935<\/option><option value=\"1934\" >1934<\/option><option value=\"1933\" >1933<\/option><option value=\"1932\" >1932<\/option><option value=\"1931\" >1931<\/option><option value=\"1930\" >1930<\/option><option value=\"1929\" >1929<\/option><option value=\"1928\" >1928<\/option><option value=\"1927\" >1927<\/option><option value=\"1926\" >1926<\/option><option value=\"1925\" >1925<\/option><option value=\"1924\" >1924<\/option><option value=\"1923\" >1923<\/option><option value=\"1922\" >1922<\/option><option value=\"1921\" >1921<\/option><option value=\"1920\" >1920<\/option><\/select><\/div><\/fieldset><\/div><div id=\"wpforms-4273-field_22-container\" class=\"wpforms-field wpforms-field-select wpforms-field-select-style-modern\" data-field-id=\"22\"><label class=\"wpforms-field-label\" for=\"wpforms-4273-field_22\">Geslacht | Sekso <span class=\"wpforms-required-label\" aria-hidden=\"true\">*<\/span><\/label><select id=\"wpforms-4273-field_22\" class=\"wpforms-field-medium wpforms-field-required choicesjs-select\" data-size-class=\"wpforms-field-row wpforms-field-medium\" data-search-enabled=\"\" name=\"wpforms[fields][22]\" required=\"required\"><option value=\"\" class=\"placeholder\" disabled  selected='selected'><\/option><option value=\"-\"  class=\"choice-1 depth-1\"  >&#8211;<\/option><option value=\"Vrouw | Virino\"  class=\"choice-2 depth-1\"  >Vrouw | Virino<\/option><option value=\"Man | Viro\"  class=\"choice-3 depth-1\"  >Man | Viro<\/option><option value=\"Anders | Alia\"  class=\"choice-4 depth-1\"  >Anders | Alia<\/option><\/select><\/div><div id=\"wpforms-4273-field_14-container\" class=\"wpforms-field wpforms-field-html\" data-field-id=\"14\"><div id=\"wpforms-4273-field_14\" aria-errormessage=\"wpforms-4273-field_14-error\">Nieuwe leden ontvangen een openbare ledenlijst. Een actuele versie is op aanvraag verkrijgbaar bij de ledenadministratie.\r\n<p>\r\nNovaj membroj ricevas publikan membroliston. \u011cisdata ekzemplero estas la\u016dpete havebla \u0109e la membroadministranto.\r\n<\/p><\/div><\/div><div id=\"wpforms-4273-field_15-container\" class=\"wpforms-field wpforms-field-html\" data-field-id=\"15\"><div id=\"wpforms-4273-field_15\" aria-errormessage=\"wpforms-4273-field_15-error\">Ik geef toestemming voor vermelding in de (openbare) ledenlijst van persoonlijke gegevens:\r\n<p>\r\nMi permesas, ke la (publika) membrolisto montras miajn persona\u0135ojn:\r\n<\/p><\/div><\/div><div id=\"wpforms-4273-field_25-container\" class=\"wpforms-field wpforms-field-radio wpforms-conditional-trigger\" data-field-id=\"25\"><fieldset><legend class=\"wpforms-field-label wpforms-label-hide\" aria-hidden=\"false\">Informatie delen ja-nee <span class=\"wpforms-required-label\" aria-hidden=\"true\">*<\/span><\/legend><ul id=\"wpforms-4273-field_25\" class=\"wpforms-field-required\"><li class=\"choice-1 depth-1\"><input type=\"radio\" id=\"wpforms-4273-field_25_1\" name=\"wpforms[fields][25]\" value=\"Ja\" aria-errormessage=\"wpforms-4273-field_25_1-error\" required ><label class=\"wpforms-field-label-inline\" for=\"wpforms-4273-field_25_1\">Ja<\/label><\/li><li class=\"choice-2 depth-1\"><input type=\"radio\" id=\"wpforms-4273-field_25_2\" name=\"wpforms[fields][25]\" value=\"Nee\" aria-errormessage=\"wpforms-4273-field_25_2-error\" required ><label class=\"wpforms-field-label-inline\" for=\"wpforms-4273-field_25_2\">Nee<\/label><\/li><\/ul><\/fieldset><\/div><div id=\"wpforms-4273-field_16-container\" class=\"wpforms-field wpforms-field-checkbox wpforms-conditional-field wpforms-conditional-show\" data-field-id=\"16\" style=\"display:none;\"><fieldset><legend class=\"wpforms-field-label wpforms-label-hide\" aria-hidden=\"false\">Informatie delen <span class=\"wpforms-required-label\" aria-hidden=\"true\">*<\/span><\/legend><ul id=\"wpforms-4273-field_16\" class=\"wpforms-field-required\"><li class=\"choice-1 depth-1\"><input type=\"checkbox\" id=\"wpforms-4273-field_16_1\" name=\"wpforms[fields][16][]\" value=\"Adres | Adreson\" aria-errormessage=\"wpforms-4273-field_16_1-error\" required ><label class=\"wpforms-field-label-inline\" for=\"wpforms-4273-field_16_1\">Adres | Adreson<\/label><\/li><li class=\"choice-2 depth-1\"><input type=\"checkbox\" id=\"wpforms-4273-field_16_2\" name=\"wpforms[fields][16][]\" value=\"Telefoonnummer | Telefonnumeron\" aria-errormessage=\"wpforms-4273-field_16_2-error\" required ><label class=\"wpforms-field-label-inline\" for=\"wpforms-4273-field_16_2\">Telefoonnummer | Telefonnumeron<\/label><\/li><li class=\"choice-3 depth-1\"><input type=\"checkbox\" id=\"wpforms-4273-field_16_3\" name=\"wpforms[fields][16][]\" value=\"Email-adres | Retadreson\" aria-errormessage=\"wpforms-4273-field_16_3-error\" required ><label class=\"wpforms-field-label-inline\" for=\"wpforms-4273-field_16_3\">Email-adres | Retadreson<\/label><\/li><\/ul><\/fieldset><\/div><div id=\"wpforms-4273-field_17-container\" class=\"wpforms-field wpforms-field-html\" data-field-id=\"17\"><div id=\"wpforms-4273-field_17\" aria-errormessage=\"wpforms-4273-field_17-error\"><i>s.v.p. aankruisen (evt. meerdere) | \r\nbv. krucmarki (evt. pliajn)<\/i><\/div><\/div><div id=\"wpforms-4273-field_18-container\" class=\"wpforms-field wpforms-field-html\" data-field-id=\"18\"><div id=\"wpforms-4273-field_18\" aria-errormessage=\"wpforms-4273-field_18-error\">Na ontvangst van dit formulier sturen wij een welkomstpakket met alle benodigde informatie (o.a. over betaalwijze etc.).\r\n<p>\r\nPost kiam ni ricevis \u0109i tiun formularon ni sendos bonvenigan paketon kun \u0109iuj bezonataj informoj (i.a. pri pagmaniero ktp.).\r\n<\/p><\/div><\/div><div id=\"wpforms-4273-field_19-container\" class=\"wpforms-field wpforms-field-textarea\" data-field-id=\"19\"><label class=\"wpforms-field-label\" for=\"wpforms-4273-field_19\">Bericht | Mesa\u011do<\/label><textarea id=\"wpforms-4273-field_19\" class=\"wpforms-field-medium\" name=\"wpforms[fields][19]\" aria-errormessage=\"wpforms-4273-field_19-error\" ><\/textarea><\/div><\/div><!-- .wpforms-field-container --><div class=\"wpforms-submit-container\" ><input type=\"hidden\" name=\"wpforms[id]\" value=\"4273\"><input type=\"hidden\" name=\"page_title\" value=\"\"><input type=\"hidden\" name=\"page_url\" value=\"https:\/\/esperanto-nederland.nl\/index.php\/wp-json\/wp\/v2\/pages\/5702\"><input type=\"hidden\" name=\"url_referer\" value=\"\"><button type=\"submit\" name=\"wpforms[submit]\" id=\"wpforms-submit-4273\" class=\"wpforms-submit\" data-alt-text=\"Verzenden... | Sendi ...\" data-submit-text=\"Verzend | Sendu\" aria-live=\"assertive\" value=\"wpforms-submit\">Verzend | Sendu<\/button><img loading=\"lazy\" decoding=\"async\" src=\"https:\/\/esperanto-nederland.nl\/wp-content\/plugins\/wpforms\/assets\/images\/submit-spin.svg\" class=\"wpforms-submit-spinner\" style=\"display: none;\" width=\"26\" height=\"26\" alt=\"Aan het laden\"><\/div><\/form><\/div>  <!-- .wpforms-container -->","protected":false},"excerpt":{"rendered":"<p>Vul onderstaand formulier in om je aan te melden als lid van de vereniging Esperanto Nederland.<\/p>\n","protected":false},"author":3,"featured_media":0,"parent":0,"menu_order":0,"comment_status":"closed","ping_status":"closed","template":"","meta":{"footnotes":""},"class_list":["post-5702","page","type-page","status-publish","hentry","without-featured-image"],"_links":{"self":[{"href":"https:\/\/esperanto-nederland.nl\/index.php\/wp-json\/wp\/v2\/pages\/5702","targetHints":{"allow":["GET"]}}],"collection":[{"href":"https:\/\/esperanto-nederland.nl\/index.php\/wp-json\/wp\/v2\/pages"}],"about":[{"href":"https:\/\/esperanto-nederland.nl\/index.php\/wp-json\/wp\/v2\/types\/page"}],"author":[{"embeddable":true,"href":"https:\/\/esperanto-nederland.nl\/index.php\/wp-json\/wp\/v2\/users\/3"}],"replies":[{"embeddable":true,"href":"https:\/\/esperanto-nederland.nl\/index.php\/wp-json\/wp\/v2\/comments?post=5702"}],"version-history":[{"count":4,"href":"https:\/\/esperanto-nederland.nl\/index.php\/wp-json\/wp\/v2\/pages\/5702\/revisions"}],"predecessor-version":[{"id":8287,"href":"https:\/\/esperanto-nederland.nl\/index.php\/wp-json\/wp\/v2\/pages\/5702\/revisions\/8287"}],"wp:attachment":[{"href":"https:\/\/esperanto-nederland.nl\/index.php\/wp-json\/wp\/v2\/media?parent=5702"}],"curies":[{"name":"wp","href":"https:\/\/api.w.org\/{rel}","templated":true}]}}