{"id":6720,"date":"2024-10-08T11:25:51","date_gmt":"2024-10-08T09:25:51","guid":{"rendered":"https:\/\/esperanto-nederland.nl\/?page_id=6720"},"modified":"2025-01-19T00:20:55","modified_gmt":"2025-01-18T23:20:55","slug":"kio-estas-esperanto","status":"publish","type":"page","link":"https:\/\/esperanto-nederland.nl\/index.php\/eo\/kio-estas-esperanto\/","title":{"rendered":"Kio estas Esperanto"},"content":{"rendered":"\n<figure class=\"wp-block-image size-large is-resized\"><img loading=\"lazy\" decoding=\"async\" width=\"1024\" height=\"795\" src=\"https:\/\/esperanto-nederland.nl\/wp-content\/uploads\/2024\/01\/X-Pinglo-sel-1024x795.jpg\" alt=\"\" class=\"wp-image-1940\" style=\"width:439px;height:auto\" srcset=\"https:\/\/esperanto-nederland.nl\/wp-content\/uploads\/2024\/01\/X-Pinglo-sel-1024x795.jpg 1024w, https:\/\/esperanto-nederland.nl\/wp-content\/uploads\/2024\/01\/X-Pinglo-sel-300x233.jpg 300w, https:\/\/esperanto-nederland.nl\/wp-content\/uploads\/2024\/01\/X-Pinglo-sel-768x596.jpg 768w, https:\/\/esperanto-nederland.nl\/wp-content\/uploads\/2024\/01\/X-Pinglo-sel-1536x1193.jpg 1536w, https:\/\/esperanto-nederland.nl\/wp-content\/uploads\/2024\/01\/X-Pinglo-sel-2048x1590.jpg 2048w, https:\/\/esperanto-nederland.nl\/wp-content\/uploads\/2024\/01\/X-Pinglo-sel-489x380.jpg 489w\" sizes=\"auto, (max-width: 1024px) 100vw, 1024px\" \/><\/figure>\n\n\n\n<p>Esperanto estis kreita por esti lernita \u201ckiel dua lingvo\u201d de kiel eble plej multaj homoj en la mondo, por ke homoj el diversaj kulturoj kaj kun diversaj lingvoj povu kontakti unu la alian kaj paroli inter si.<\/p>\n\n\n\n<p>La lingvo estas sufi\u0109e facile lernebla, precipe por e\u016dropanoj. Esperanto havas simplan gramatikon kaj limigitan nombron da reguloj. La Esperanta alfabeto konsistas el 28 literoj. La alfabeto ne havas &#8216;w&#8217; kaj &#8216;x&#8217;, sed \u011di jes havas kelkajn literojn kun cirkumflekso (^), \u0109. \u011d, \u0125 kaj \u015d,  a\u016d u-hoketo (\u02d8), \u016d. La prononco de Esperanto estas fonetika kaj konsekventa. La vortprovizo de Esperanto plejparte konsistas el e\u016dropaj vortoj. La gramatikaj reguloj de Esperanto ne havas genrojn nek esceptojn.<\/p>\n\n\n\n<p>Esperanto estis kreita de Ludoviko Zamenhof. Li unue publikigis \u011din en 1887 en la libro &#8220;Unua Libro&#8221;. Li volis faciligi komunikadon inter homoj de malsamaj gepatraj lingvoj. La nomo devenas de la pse\u016ddonimo de Zamenhof &#8220;Doktoro Esperanto&#8221;, kio signifas &#8220;la esperplena&#8221;.<\/p>\n\n\n\n<p>Hodia\u016d la lingvo estas parolata de homoj \u0109ie en la mondo kaj \u011di havas sian propran literaturon, muzikon kaj kulturon. Estas Esperanto-asocioj kaj -eventoj tra la tuta mondo kaj anka\u016d en Nederlando. Landoj kun multaj esperantistoj estas Francio, Germanio, Pollando kaj Brazilo, kaj anka\u016d en \u0108inio esperantistoj aktivas. Tie ili havas Esperanto-muzeon, kaj la \u0109inia kurt-onda stacio elsendas en Esperanto \u0109iutage.<\/p>\n\n\n\n<p>Interrete estas multaj manieroj lerni Esperanton. La lingvo havas sian propran interretan komunumon kaj sociajn amaskomunikilarajn platformojn.<\/p>\n\n\n\n<div class=\"wp-block-columns is-layout-flex wp-container-core-columns-is-layout-9d6595d7 wp-block-columns-is-layout-flex\">\n<div class=\"wp-block-column is-layout-flow wp-block-column-is-layout-flow\">\n<h2 class=\"wp-block-heading\"><a href=\"https:\/\/esperanto-nederland.nl\/index.php\/eo\/esperanto-kulturo\/\" data-type=\"page\" data-id=\"6741\">Kulturo<\/a><\/h2>\n\n\n\n<figure class=\"wp-block-image size-large\"><a href=\"https:\/\/esperanto-nederland.nl\/index.php\/esperanto-cultuur\/\"><img decoding=\"async\" src=\"https:\/\/esperanto-nederland.nl\/wp-content\/uploads\/2024\/06\/20240615fkho1309360_1200p.jpg\" alt=\"\"\/><\/a><\/figure>\n\n\n\n<p>Esperantistoj el diversaj fonoj renkontas unu la alian ene de la Esperanto-mondo. Inter ili estas junaj kaj maljunaj, homoj kun malsamaj gustoj pri muziko, homoj kiuj man\u011das viandon kaj tiuj kiuj ne.<br><a href=\"https:\/\/esperanto-nederland.nl\/index.php\/eo\/esperanto-kulturo\/\">Pli&#8230;<\/a><\/p>\n<\/div>\n\n\n\n<div class=\"wp-block-column is-layout-flow wp-block-column-is-layout-flow\">\n<h2 class=\"wp-block-heading\"><a href=\"https:\/\/esperanto-nederland.nl\/index.php\/eo\/esperanto-organizoj\/\">Organizoj<\/a><\/h2>\n\n\n\n<figure class=\"wp-block-image size-large\"><a href=\"https:\/\/esperanto-nederland.nl\/index.php\/esperanto-organisaties\/\"><img decoding=\"async\" src=\"https:\/\/esperanto-nederland.nl\/wp-content\/uploads\/2024\/07\/20240512fkho1234430_-1200p-sel-helpantoj-de-Europa-Kongreso-2024-1024x676.jpg\" alt=\"\" style=\"aspect-ratio:4\/3;object-fit:cover\"\/><\/a><\/figure>\n\n\n\n<p>La esperantistaj organizoj kunigas la esperantistojn. Kelkaj sin dedi\u0109as disvastigi Esperanton, aliaj por alporti homojn kun la sama kultura a\u016d religia fono en kontakton unu kun la alia.<br><a href=\"https:\/\/esperanto-nederland.nl\/index.php\/eo\/esperanto-organizoj\/\">Pli&#8230;<\/a><\/p>\n<\/div>\n\n\n\n<div class=\"wp-block-column is-layout-flow wp-block-column-is-layout-flow\">\n<h2 class=\"wp-block-heading\"><a href=\"https:\/\/esperanto-nederland.nl\/index.php\/eo\/esperanto-kaj-la-komputilo\/\">Sur la komputilo<\/a><\/h2>\n\n\n\n<figure class=\"wp-block-image size-large\"><a href=\"https:\/\/esperanto-nederland.nl\/index.php\/esperanto-en-de-computer\/\"><img decoding=\"async\" src=\"https:\/\/esperanto-nederland.nl\/wp-content\/uploads\/2024\/02\/Literoj.png\" alt=\"\" style=\"aspect-ratio:4\/3;object-fit:cover\"\/><\/a><\/figure>\n\n\n\n<p>Kiam Zamenhof lan\u0109is Esperanton en 1887, li evidente ne havis ideon, ke komputiloj aperos. La Esperanta alfabeto estas skribita kun signoj unikaj al Esperanto.<br><a href=\"https:\/\/esperanto-nederland.nl\/index.php\/eo\/esperanto-kaj-la-komputilo\/\">Pli&#8230;<\/a><\/p>\n<\/div>\n<\/div>\n\n\n\n<p><\/p>\n","protected":false},"excerpt":{"rendered":"<p>Esperanto estis kreita por esti lernita \u201ckiel dua lingvo\u201d de kiel eble plej multaj homoj en la mondo, por ke homoj el diversaj kulturoj kaj kun diversaj lingvoj povu kontakti unu la alian kaj paroli inter si. La lingvo estas sufi\u0109e facile lernebla, precipe por e\u016dropanoj. Esperanto havas simplan gramatikon kaj limigitan nombron da reguloj. &hellip; <a href=\"https:\/\/esperanto-nederland.nl\/index.php\/eo\/kio-estas-esperanto\/\" class=\"more-link\">Verder lezen <span class=\"screen-reader-text\">Kio estas Esperanto<\/span><\/a><\/p>\n","protected":false},"author":2,"featured_media":0,"parent":0,"menu_order":0,"comment_status":"closed","ping_status":"closed","template":"","meta":{"footnotes":""},"class_list":["post-6720","page","type-page","status-publish","hentry","without-featured-image"],"_links":{"self":[{"href":"https:\/\/esperanto-nederland.nl\/index.php\/wp-json\/wp\/v2\/pages\/6720","targetHints":{"allow":["GET"]}}],"collection":[{"href":"https:\/\/esperanto-nederland.nl\/index.php\/wp-json\/wp\/v2\/pages"}],"about":[{"href":"https:\/\/esperanto-nederland.nl\/index.php\/wp-json\/wp\/v2\/types\/page"}],"author":[{"embeddable":true,"href":"https:\/\/esperanto-nederland.nl\/index.php\/wp-json\/wp\/v2\/users\/2"}],"replies":[{"embeddable":true,"href":"https:\/\/esperanto-nederland.nl\/index.php\/wp-json\/wp\/v2\/comments?post=6720"}],"version-history":[{"count":14,"href":"https:\/\/esperanto-nederland.nl\/index.php\/wp-json\/wp\/v2\/pages\/6720\/revisions"}],"predecessor-version":[{"id":9318,"href":"https:\/\/esperanto-nederland.nl\/index.php\/wp-json\/wp\/v2\/pages\/6720\/revisions\/9318"}],"wp:attachment":[{"href":"https:\/\/esperanto-nederland.nl\/index.php\/wp-json\/wp\/v2\/media?parent=6720"}],"curies":[{"name":"wp","href":"https:\/\/api.w.org\/{rel}","templated":true}]}}