{"id":6724,"date":"2024-10-08T11:33:48","date_gmt":"2024-10-08T09:33:48","guid":{"rendered":"https:\/\/esperanto-nederland.nl\/?page_id=6724"},"modified":"2026-01-03T14:23:17","modified_gmt":"2026-01-03T13:23:17","slug":"lerni-esperanton","status":"publish","type":"page","link":"https:\/\/esperanto-nederland.nl\/index.php\/eo\/lerni-esperanton\/","title":{"rendered":"Lerni Esperanton"},"content":{"rendered":"\n<figure class=\"wp-block-image size-large is-resized\"><a href=\"https:\/\/esperanto-nederland.nl\/index.php\/esperanto-studieweekend\/\"><img loading=\"lazy\" decoding=\"async\" width=\"1024\" height=\"768\" src=\"https:\/\/esperanto-nederland.nl\/wp-content\/uploads\/2024\/07\/20231014anho1738130_1200p-1024x768.jpg\" alt=\"\" class=\"wp-image-4802\" style=\"width:500px\" srcset=\"https:\/\/esperanto-nederland.nl\/wp-content\/uploads\/2024\/07\/20231014anho1738130_1200p-1024x768.jpg 1024w, https:\/\/esperanto-nederland.nl\/wp-content\/uploads\/2024\/07\/20231014anho1738130_1200p-300x225.jpg 300w, https:\/\/esperanto-nederland.nl\/wp-content\/uploads\/2024\/07\/20231014anho1738130_1200p-768x576.jpg 768w, https:\/\/esperanto-nederland.nl\/wp-content\/uploads\/2024\/07\/20231014anho1738130_1200p-507x380.jpg 507w, https:\/\/esperanto-nederland.nl\/wp-content\/uploads\/2024\/07\/20231014anho1738130_1200p.jpg 1200w\" sizes=\"auto, (max-width: 1024px) 100vw, 1024px\" \/><\/a><\/figure>\n\n\n\n<p>Estas multaj kursoj por lerni Esperanton. En la interreto oni trovos diversajn kursojn kaj sur la telefono oni povas instali kurso-aplika\u0135ojn. Vi povas lerni Esperanton kune, sub gvido de instruisto. Tio eblas ekzemple en Krikkenhaar, apud Almelo, dum la studosemajnfino. <br>Estas anka\u016d studolibroj kaj kompreneble lega\u0135oj. Kvankam oni rapide povas legi tekstojn kaj havi bonan konversacion, oni neniam \u0109esos lerni.<\/p>\n\n\n\n<p><br>Se vi havas demandojn pri \u0109i tio, vi povas kontakti <a href=\"https:\/\/esperanto-nederland.nl\/index.php\/eo\/kontakti-estraranon-pri-informado\/\" data-type=\"link\" data-id=\"https:\/\/esperanto-nederland.nl\/index.php\/eo\/kontakti-estraranon-pri-informado\/\" target=\"_blank\" rel=\"noreferrer noopener\">la estraranon pri informado<\/a>.<\/p>\n\n\n\n<h3 class=\"wp-block-heading\"><strong><a href=\"https:\/\/esperanto-nederland.nl\/index.php\/esperanto-studieweekend\/\" data-type=\"page\" data-id=\"421\">Esperanto-studosemajnfino<\/a><\/strong><br><\/h3>\n\n\n\n<p><\/p>\n\n\n\n<p>Dufoje jare Esperanto Nederland organizas studosemajnfinon. Se vi neniam lernis Esperanton, nelge komencis lerni, a\u00fa volas plibonigi vian kapablon legi, paroli a\u016d skribi Esperanton, vi estas kore bonvena en nia studosemajnfino.<br><br>Dum la studosemajnfino lecionoj okazas je pluraj niveloj. Oni \u0109efe ekzercas paroli Esperanton en malgrandaj grupoj. <a href=\"https:\/\/esperanto-nederland.nl\/index.php\/eo\/esperanto-studosemajnfino\/\" data-type=\"link\" data-id=\"https:\/\/esperanto-nederland.nl\/index.php\/eo\/esperanto-studosemajnfino\/\">Pli pri la studosemajnfino.<\/a><\/p>\n\n\n\n<div class=\"wp-block-columns is-layout-flex wp-container-core-columns-is-layout-9d6595d7 wp-block-columns-is-layout-flex\">\n<div class=\"wp-block-column is-layout-flow wp-block-column-is-layout-flow\">\n<h2 class=\"wp-block-heading\"><a href=\"https:\/\/esperanto-nederland.nl\/?page_id=5467\">Libroj<\/a><\/h2>\n\n\n\n<figure class=\"wp-block-image size-full\"><a href=\"https:\/\/esperanto-nederland.nl\/index.php\/eo\/esperanto-libroj\/\"><img loading=\"lazy\" decoding=\"async\" width=\"1024\" height=\"768\" src=\"https:\/\/esperanto-nederland.nl\/wp-content\/uploads\/2024\/08\/image.png\" alt=\"\" class=\"wp-image-5462\" srcset=\"https:\/\/esperanto-nederland.nl\/wp-content\/uploads\/2024\/08\/image.png 1024w, https:\/\/esperanto-nederland.nl\/wp-content\/uploads\/2024\/08\/image-300x225.png 300w, https:\/\/esperanto-nederland.nl\/wp-content\/uploads\/2024\/08\/image-768x576.png 768w, https:\/\/esperanto-nederland.nl\/wp-content\/uploads\/2024\/08\/image-507x380.png 507w\" sizes=\"auto, (max-width: 1024px) 100vw, 1024px\" \/><\/a><\/figure>\n\n\n\n<p>Ekzistas diversaj lokoj kie oni povas akiri lernolibrojn, per kiuj oni povas lerni Esperanton, anka\u016d el la nederlanda.<br><a href=\"https:\/\/esperanto-nederland.nl\/index.php\/eo\/esperanto-libroj\/\" data-type=\"page\" data-id=\"5467\">Esperanto-libroj<\/a>&#8230;<\/p>\n<\/div>\n\n\n\n<div class=\"wp-block-column is-layout-flow wp-block-column-is-layout-flow\"><\/div>\n\n\n\n<div class=\"wp-block-column is-layout-flow wp-block-column-is-layout-flow\"><\/div>\n<\/div>\n","protected":false},"excerpt":{"rendered":"<p>Estas multaj kursoj por lerni Esperanton. En la interreto oni trovos diversajn kursojn kaj sur la telefono oni povas instali kurso-aplika\u0135ojn. Vi povas lerni Esperanton kune, sub gvido de instruisto. Tio eblas ekzemple en Krikkenhaar, apud Almelo, dum la studosemajnfino. Estas anka\u016d studolibroj kaj kompreneble lega\u0135oj. Kvankam oni rapide povas legi tekstojn kaj havi bonan &hellip; <a href=\"https:\/\/esperanto-nederland.nl\/index.php\/eo\/lerni-esperanton\/\" class=\"more-link\">Verder lezen <span class=\"screen-reader-text\">Lerni Esperanton<\/span><\/a><\/p>\n","protected":false},"author":2,"featured_media":0,"parent":0,"menu_order":0,"comment_status":"closed","ping_status":"closed","template":"page-templates\/full-width-page.php","meta":{"footnotes":""},"class_list":["post-6724","page","type-page","status-publish","hentry","without-featured-image"],"_links":{"self":[{"href":"https:\/\/esperanto-nederland.nl\/index.php\/wp-json\/wp\/v2\/pages\/6724","targetHints":{"allow":["GET"]}}],"collection":[{"href":"https:\/\/esperanto-nederland.nl\/index.php\/wp-json\/wp\/v2\/pages"}],"about":[{"href":"https:\/\/esperanto-nederland.nl\/index.php\/wp-json\/wp\/v2\/types\/page"}],"author":[{"embeddable":true,"href":"https:\/\/esperanto-nederland.nl\/index.php\/wp-json\/wp\/v2\/users\/2"}],"replies":[{"embeddable":true,"href":"https:\/\/esperanto-nederland.nl\/index.php\/wp-json\/wp\/v2\/comments?post=6724"}],"version-history":[{"count":18,"href":"https:\/\/esperanto-nederland.nl\/index.php\/wp-json\/wp\/v2\/pages\/6724\/revisions"}],"predecessor-version":[{"id":9320,"href":"https:\/\/esperanto-nederland.nl\/index.php\/wp-json\/wp\/v2\/pages\/6724\/revisions\/9320"}],"wp:attachment":[{"href":"https:\/\/esperanto-nederland.nl\/index.php\/wp-json\/wp\/v2\/media?parent=6724"}],"curies":[{"name":"wp","href":"https:\/\/api.w.org\/{rel}","templated":true}]}}