{"id":6733,"date":"2024-10-08T11:41:12","date_gmt":"2024-10-08T09:41:12","guid":{"rendered":"https:\/\/esperanto-nederland.nl\/?page_id=6733"},"modified":"2025-03-04T21:59:02","modified_gmt":"2025-03-04T20:59:02","slug":"agadoj","status":"publish","type":"page","link":"https:\/\/esperanto-nederland.nl\/index.php\/eo\/agadoj\/","title":{"rendered":"Agadoj"},"content":{"rendered":"\n<figure class=\"wp-block-image size-large is-resized\"><img loading=\"lazy\" decoding=\"async\" width=\"1024\" height=\"768\" src=\"https:\/\/esperanto-nederland.nl\/wp-content\/uploads\/2024\/04\/20240413anho2043090_-foto-activiteiten-1024x768.jpg\" alt=\"\" class=\"wp-image-3697\" style=\"width:500px\" srcset=\"https:\/\/esperanto-nederland.nl\/wp-content\/uploads\/2024\/04\/20240413anho2043090_-foto-activiteiten-1024x768.jpg 1024w, https:\/\/esperanto-nederland.nl\/wp-content\/uploads\/2024\/04\/20240413anho2043090_-foto-activiteiten-300x225.jpg 300w, https:\/\/esperanto-nederland.nl\/wp-content\/uploads\/2024\/04\/20240413anho2043090_-foto-activiteiten-768x576.jpg 768w, https:\/\/esperanto-nederland.nl\/wp-content\/uploads\/2024\/04\/20240413anho2043090_-foto-activiteiten-1536x1152.jpg 1536w, https:\/\/esperanto-nederland.nl\/wp-content\/uploads\/2024\/04\/20240413anho2043090_-foto-activiteiten-2048x1536.jpg 2048w, https:\/\/esperanto-nederland.nl\/wp-content\/uploads\/2024\/04\/20240413anho2043090_-foto-activiteiten-507x380.jpg 507w\" sizes=\"auto, (max-width: 1024px) 100vw, 1024px\" \/><\/figure>\n\n\n\n<p>Tutjare estas organizitaj renkonti\u011doj en diversaj lokoj, kie esperantistoj renkonti\u011das, lernas la lingvon a\u016d kune faras aktiva\u0135ojn. La plej gravaj agadoj, kiujn Esperanto Nederland organizas, estas la studsemajnfino kaj la kultura tago. Lokaj kluboj kaj asocioj anka\u016d organizas renkonti\u011dojn.<\/p>\n\n\n\n<p>La homoj estos informitaj pri la agadoj per <a href=\"https:\/\/esperanto-nederland.nl\/index.php\/eo\/rorevuo-fenikso\/\">la revuo Fenikso<\/a> kaj en <a href=\"https:\/\/esperanto-nederland.nl\/index.php\/eo\/agendo\/\" data-type=\"link\" data-id=\"https:\/\/esperanto-nederland.nl\/index.php\/eo\/agendo\/\">la agendo sur \u0109i tiu retejo<\/a>. Vi kompreneble estas kore invitataj partopreni en \u0109i tiuj agadoj. Se vi \u015datus helpi organizi agadon, bonvolu kontakti <a href=\"https:\/\/esperanto-nederland.nl\/index.php\/eo\/kontakto\/\" data-type=\"link\" data-id=\"https:\/\/esperanto-nederland.nl\/index.php\/eo\/kontakto\/\">la informcentron<\/a>.<\/p>\n\n\n\n<p>Esperanto Nederland subtenas la katedron de Interlingvistiko kaj Esperanto \u0109e la Universitato de Amsterdamo.<\/p>\n\n\n\n<p><br><br><br><\/p>\n\n\n\n<p><br> <br> <br><br><br><\/p>\n\n\n\n<div class=\"wp-block-columns is-layout-flex wp-container-core-columns-is-layout-9d6595d7 wp-block-columns-is-layout-flex\">\n<div class=\"wp-block-column is-layout-flow wp-block-column-is-layout-flow\">\n<h2 class=\"wp-block-heading\"><a href=\"https:\/\/esperanto-nederland.nl\/index.php\/eo\/agendo\/\" data-type=\"link\" data-id=\"https:\/\/esperanto-nederland.nl\/index.php\/goslinga-collectie\/\">Agendo<\/a><\/h2>\n\n\n\n<figure class=\"wp-block-image size-full\"><a href=\"https:\/\/esperanto-nederland.nl\/index.php\/agenda\/\"><img loading=\"lazy\" decoding=\"async\" width=\"718\" height=\"539\" src=\"https:\/\/esperanto-nederland.nl\/wp-content\/uploads\/2024\/07\/Agenda-website-edited.png\" alt=\"\" class=\"wp-image-4623\" srcset=\"https:\/\/esperanto-nederland.nl\/wp-content\/uploads\/2024\/07\/Agenda-website-edited.png 718w, https:\/\/esperanto-nederland.nl\/wp-content\/uploads\/2024\/07\/Agenda-website-edited-300x225.png 300w, https:\/\/esperanto-nederland.nl\/wp-content\/uploads\/2024\/07\/Agenda-website-edited-506x380.png 506w\" sizes=\"auto, (max-width: 718px) 100vw, 718px\" \/><\/a><\/figure>\n\n\n\n<p>La agendo enhavas la eventojn, kiuj estas organizitaj en Nederlando. La agendo inkluzivas anka\u016d eventojn en Belgio kaj Germanio.<br><a href=\"https:\/\/esperanto-nederland.nl\/index.php\/eo\/agendo\/\" data-type=\"link\" data-id=\"https:\/\/esperanto-nederland.nl\/index.php\/goslinga-collectie\/\">Rigardu agendo&#8230;<\/a><\/p>\n<\/div>\n\n\n\n<div class=\"wp-block-column is-layout-flow wp-block-column-is-layout-flow\">\n<h2 class=\"wp-block-heading\"><a href=\"https:\/\/esperanto-nederland.nl\/index.php\/eo\/kultura-tago\/\" data-type=\"link\" data-id=\"https:\/\/esperanto-nederland.nl\/index.php\/eo\/kultura-tago\/\">Kultura Tago<\/a><\/h2>\n\n\n\n<figure class=\"wp-block-image size-large\"><a href=\"https:\/\/esperanto-nederland.nl\/index.php\/eo\/kultura-tago\/\"><img loading=\"lazy\" decoding=\"async\" width=\"1024\" height=\"768\" src=\"https:\/\/esperanto-nederland.nl\/wp-content\/uploads\/2024\/08\/20240623anho0020070_1200p-1024x768.jpg\" alt=\"\" class=\"wp-image-5094\" style=\"object-fit:cover\" srcset=\"https:\/\/esperanto-nederland.nl\/wp-content\/uploads\/2024\/08\/20240623anho0020070_1200p-1024x768.jpg 1024w, https:\/\/esperanto-nederland.nl\/wp-content\/uploads\/2024\/08\/20240623anho0020070_1200p-300x225.jpg 300w, https:\/\/esperanto-nederland.nl\/wp-content\/uploads\/2024\/08\/20240623anho0020070_1200p-768x576.jpg 768w, https:\/\/esperanto-nederland.nl\/wp-content\/uploads\/2024\/08\/20240623anho0020070_1200p-507x380.jpg 507w, https:\/\/esperanto-nederland.nl\/wp-content\/uploads\/2024\/08\/20240623anho0020070_1200p.jpg 1200w\" sizes=\"auto, (max-width: 1024px) 100vw, 1024px\" \/><\/a><\/figure>\n\n\n\n<p>La kultura tago estas \u0109iujara aran\u011do organizata de Esperanto Nederland. La aran\u011do okazas sabate \u0109iujare kaj celas kunigi Esperanto-parolantojn el Nederlando kaj eksterlando kaj konati\u011di kun la nederlanda kulturo.<br><a href=\"https:\/\/esperanto-nederland.nl\/index.php\/eo\/kultura-tago\/\" data-type=\"link\" data-id=\"https:\/\/esperanto-nederland.nl\/index.php\/eo\/kultura-tago\/\">Kultura Tago&#8230;<\/a><\/p>\n<\/div>\n<\/div>\n\n\n\n<p><br> <br> <\/p>\n\n\n\n<div class=\"wp-block-columns is-layout-flex wp-container-core-columns-is-layout-9d6595d7 wp-block-columns-is-layout-flex\">\n<div class=\"wp-block-column is-layout-flow wp-block-column-is-layout-flow\">\n<h2 class=\"wp-block-heading\"><a href=\"https:\/\/esperanto-nederland.nl\/index.php\/eo\/katedro-en-amsterdamo\/\" data-type=\"link\" data-id=\"https:\/\/esperanto-nederland.nl\/index.php\/eo\/katedro-en-amsterdamo\/\">Katedro en Amsterdamo<\/a><\/h2>\n\n\n\n<figure class=\"wp-block-image size-full\"><a href=\"https:\/\/esperanto-nederland.nl\/index.php\/eo\/katedro-en-amsterdamo\/\"><img loading=\"lazy\" decoding=\"async\" width=\"800\" height=\"800\" src=\"https:\/\/esperanto-nederland.nl\/wp-content\/uploads\/2025\/03\/Federico-Gobbo-F.Gobbo@uva.nl-sel-800p.jpg\" alt=\"\" class=\"wp-image-9690\" style=\"aspect-ratio:4\/3;object-fit:cover\" srcset=\"https:\/\/esperanto-nederland.nl\/wp-content\/uploads\/2025\/03\/Federico-Gobbo-F.Gobbo@uva.nl-sel-800p.jpg 800w, https:\/\/esperanto-nederland.nl\/wp-content\/uploads\/2025\/03\/Federico-Gobbo-F.Gobbo@uva.nl-sel-800p-300x300.jpg 300w, https:\/\/esperanto-nederland.nl\/wp-content\/uploads\/2025\/03\/Federico-Gobbo-F.Gobbo@uva.nl-sel-800p-768x768.jpg 768w, https:\/\/esperanto-nederland.nl\/wp-content\/uploads\/2025\/03\/Federico-Gobbo-F.Gobbo@uva.nl-sel-800p-90x90.jpg 90w, https:\/\/esperanto-nederland.nl\/wp-content\/uploads\/2025\/03\/Federico-Gobbo-F.Gobbo@uva.nl-sel-800p-380x380.jpg 380w\" sizes=\"auto, (max-width: 800px) 100vw, 800px\" \/><\/a><\/figure>\n\n\n\n<p>La Universala Esperanto-Asocio (UEA) kaj Esperanto Nederland disponigas monon por financi la specialan katedron pri Interlingvistiko kaj Esperanto \u0109e la Universitato de Amsterdamo.<br><a href=\"https:\/\/esperanto-nederland.nl\/index.php\/eo\/katedro-en-amsterdamo\/\" data-type=\"link\" data-id=\"https:\/\/esperanto-nederland.nl\/index.php\/eo\/katedro-en-amsterdamo\/\">Katedro en Amsterdam<\/a><\/p>\n<\/div>\n\n\n\n<div class=\"wp-block-column is-layout-flow wp-block-column-is-layout-flow\">\n<h2 class=\"wp-block-heading\"><a href=\"https:\/\/esperanto-nederland.nl\/index.php\/eo\/esperanto-studosemajnfino\/\" data-type=\"link\" data-id=\"https:\/\/esperanto-nederland.nl\/index.php\/eo\/esperanto-studosemajnfino\/\">Studosemajnfino<\/a><\/h2>\n\n\n\n<figure class=\"wp-block-image size-full\"><a href=\"https:\/\/esperanto-nederland.nl\/index.php\/eo\/esperanto-studosemajnfino\/\"><img loading=\"lazy\" decoding=\"async\" width=\"2560\" height=\"1920\" src=\"https:\/\/esperanto-nederland.nl\/wp-content\/uploads\/2023\/09\/Studieweekend-maart-2022-foto-1-scaled.jpg\" alt=\"\" class=\"wp-image-517\" style=\"aspect-ratio:4\/3;object-fit:cover\" srcset=\"https:\/\/esperanto-nederland.nl\/wp-content\/uploads\/2023\/09\/Studieweekend-maart-2022-foto-1-scaled.jpg 2560w, https:\/\/esperanto-nederland.nl\/wp-content\/uploads\/2023\/09\/Studieweekend-maart-2022-foto-1-300x225.jpg 300w, https:\/\/esperanto-nederland.nl\/wp-content\/uploads\/2023\/09\/Studieweekend-maart-2022-foto-1-1024x768.jpg 1024w, https:\/\/esperanto-nederland.nl\/wp-content\/uploads\/2023\/09\/Studieweekend-maart-2022-foto-1-768x576.jpg 768w, https:\/\/esperanto-nederland.nl\/wp-content\/uploads\/2023\/09\/Studieweekend-maart-2022-foto-1-1536x1152.jpg 1536w, https:\/\/esperanto-nederland.nl\/wp-content\/uploads\/2023\/09\/Studieweekend-maart-2022-foto-1-2048x1536.jpg 2048w, https:\/\/esperanto-nederland.nl\/wp-content\/uploads\/2023\/09\/Studieweekend-maart-2022-foto-1-507x380.jpg 507w\" sizes=\"auto, (max-width: 2560px) 100vw, 2560px\" \/><\/a><\/figure>\n\n\n\n<p>Dufoje jare Esperanto Nederland organizas studsemajnfinon. Se vi neniam lernis Esperanton, vi \u0135us komencas, a\u016d se vi volas e\u0109 pli bone legi, skribi a\u016d paroli Esperanton, tiam vi estas tre bonvena al nia studsemajnfino. Lecionoj estas instruitaj je diversaj niveloj.<br><a href=\"https:\/\/esperanto-nederland.nl\/index.php\/eo\/esperanto-studosemajnfino\/\" data-type=\"link\" data-id=\"https:\/\/esperanto-nederland.nl\/index.php\/eo\/esperanto-studosemajnfino\/\">Studosemajnfino.<\/a><\/p>\n<\/div>\n<\/div>\n\n\n\n<p><\/p>\n","protected":false},"excerpt":{"rendered":"<p>Tutjare estas organizitaj renkonti\u011doj en diversaj lokoj, kie esperantistoj renkonti\u011das, lernas la lingvon a\u016d kune faras aktiva\u0135ojn. La plej gravaj agadoj, kiujn Esperanto Nederland organizas, estas la studsemajnfino kaj la kultura tago. Lokaj kluboj kaj asocioj anka\u016d organizas renkonti\u011dojn. La homoj estos informitaj pri la agadoj per la revuo Fenikso kaj en la agendo sur &hellip; <a href=\"https:\/\/esperanto-nederland.nl\/index.php\/eo\/agadoj\/\" class=\"more-link\">Verder lezen <span class=\"screen-reader-text\">Agadoj<\/span><\/a><\/p>\n","protected":false},"author":2,"featured_media":0,"parent":0,"menu_order":0,"comment_status":"closed","ping_status":"closed","template":"","meta":{"footnotes":""},"class_list":["post-6733","page","type-page","status-publish","hentry","without-featured-image"],"_links":{"self":[{"href":"https:\/\/esperanto-nederland.nl\/index.php\/wp-json\/wp\/v2\/pages\/6733","targetHints":{"allow":["GET"]}}],"collection":[{"href":"https:\/\/esperanto-nederland.nl\/index.php\/wp-json\/wp\/v2\/pages"}],"about":[{"href":"https:\/\/esperanto-nederland.nl\/index.php\/wp-json\/wp\/v2\/types\/page"}],"author":[{"embeddable":true,"href":"https:\/\/esperanto-nederland.nl\/index.php\/wp-json\/wp\/v2\/users\/2"}],"replies":[{"embeddable":true,"href":"https:\/\/esperanto-nederland.nl\/index.php\/wp-json\/wp\/v2\/comments?post=6733"}],"version-history":[{"count":36,"href":"https:\/\/esperanto-nederland.nl\/index.php\/wp-json\/wp\/v2\/pages\/6733\/revisions"}],"predecessor-version":[{"id":9714,"href":"https:\/\/esperanto-nederland.nl\/index.php\/wp-json\/wp\/v2\/pages\/6733\/revisions\/9714"}],"wp:attachment":[{"href":"https:\/\/esperanto-nederland.nl\/index.php\/wp-json\/wp\/v2\/media?parent=6733"}],"curies":[{"name":"wp","href":"https:\/\/api.w.org\/{rel}","templated":true}]}}