{"id":6758,"date":"2024-10-08T12:18:27","date_gmt":"2024-10-08T10:18:27","guid":{"rendered":"https:\/\/esperanto-nederland.nl\/?page_id=6758"},"modified":"2025-02-08T15:32:42","modified_gmt":"2025-02-08T14:32:42","slug":"statuto-kaj-aliaj-aferoj","status":"publish","type":"page","link":"https:\/\/esperanto-nederland.nl\/index.php\/eo\/statuto-kaj-aliaj-aferoj\/","title":{"rendered":"Statuto kaj aliaj aferoj"},"content":{"rendered":"\n<div class=\"wp-block-columns is-layout-flex wp-container-core-columns-is-layout-9d6595d7 wp-block-columns-is-layout-flex\">\n<div class=\"wp-block-column is-layout-flow wp-block-column-is-layout-flow\" style=\"flex-basis:70%\">\n<p>La laborplano donas informojn pri kiel funkcias la asocio Esperanto Nederland. <\/p>\n<\/div>\n\n\n\n<div class=\"wp-block-column is-layout-flow wp-block-column-is-layout-flow\">\n<figure class=\"wp-block-image size-full\"><img loading=\"lazy\" decoding=\"async\" width=\"388\" height=\"403\" src=\"https:\/\/esperanto-nederland.nl\/wp-content\/uploads\/2024\/03\/Naar-beleidsplannen-sel.jpg\" alt=\"\" class=\"wp-image-3346\" style=\"object-fit:cover\" srcset=\"https:\/\/esperanto-nederland.nl\/wp-content\/uploads\/2024\/03\/Naar-beleidsplannen-sel.jpg 388w, https:\/\/esperanto-nederland.nl\/wp-content\/uploads\/2024\/03\/Naar-beleidsplannen-sel-289x300.jpg 289w, https:\/\/esperanto-nederland.nl\/wp-content\/uploads\/2024\/03\/Naar-beleidsplannen-sel-366x380.jpg 366w\" sizes=\"auto, (max-width: 388px) 100vw, 388px\" \/><\/figure>\n<\/div>\n<\/div>\n\n\n\n<div class=\"wp-block-columns is-layout-flex wp-container-core-columns-is-layout-9d6595d7 wp-block-columns-is-layout-flex\">\n<div class=\"wp-block-column is-layout-flow wp-block-column-is-layout-flow\" style=\"flex-basis:70%\">\n<h2 class=\"wp-block-heading\"><a href=\"https:\/\/esperanto-nederland.nl\/index.php\/eo\/laborplano-2020-2025\/\" data-type=\"link\" data-id=\"https:\/\/esperanto-nederland.nl\/index.php\/eo\/laborplano-2020-2025\/\">Laborplano 2020-2025<\/a><\/h2>\n\n\n\n<p>En la laborplano por 2020-2025 la asocio Esperanto Nederland decidis pri kiuj temoj \u011di laboros. Unue, \u011di fokusos pri informado. Krome, \u011di klopodos varbi novajn membrojn kaj konservi kontaktojn kun rilataj organiza\u0135oj. Aliaj gravaj celoj estas edukado pri Esperanto, la katedro de Interlingvistiko kaj Esperanto \u0109e la Universitato de Amsterdamo, kaj organizado de kunvenoj.<\/p>\n<\/div>\n\n\n\n<div class=\"wp-block-column is-layout-flow wp-block-column-is-layout-flow\">\n<figure class=\"wp-block-image size-full\"><a href=\"https:\/\/esperanto-nederland.nl\/index.php\/eo\/laborplano-2020-2025\/\"><img loading=\"lazy\" decoding=\"async\" width=\"241\" height=\"243\" src=\"https:\/\/esperanto-nederland.nl\/wp-content\/uploads\/2024\/03\/Naar-beleidsplannen-sel-beleidsplan.jpg\" alt=\"\" class=\"wp-image-3365\" srcset=\"https:\/\/esperanto-nederland.nl\/wp-content\/uploads\/2024\/03\/Naar-beleidsplannen-sel-beleidsplan.jpg 241w, https:\/\/esperanto-nederland.nl\/wp-content\/uploads\/2024\/03\/Naar-beleidsplannen-sel-beleidsplan-150x150.jpg 150w, https:\/\/esperanto-nederland.nl\/wp-content\/uploads\/2024\/03\/Naar-beleidsplannen-sel-beleidsplan-90x90.jpg 90w\" sizes=\"auto, (max-width: 241px) 100vw, 241px\" \/><\/a><\/figure>\n<\/div>\n<\/div>\n\n\n\n<p><\/p>\n","protected":false},"excerpt":{"rendered":"<p>La laborplano donas informojn pri kiel funkcias la asocio Esperanto Nederland. Laborplano 2020-2025 En la laborplano por 2020-2025 la asocio Esperanto Nederland decidis pri kiuj temoj \u011di laboros. Unue, \u011di fokusos pri informado. Krome, \u011di klopodos varbi novajn membrojn kaj konservi kontaktojn kun rilataj organiza\u0135oj. Aliaj gravaj celoj estas edukado pri Esperanto, la katedro de &hellip; <a href=\"https:\/\/esperanto-nederland.nl\/index.php\/eo\/statuto-kaj-aliaj-aferoj\/\" class=\"more-link\">Verder lezen <span class=\"screen-reader-text\">Statuto kaj aliaj aferoj<\/span><\/a><\/p>\n","protected":false},"author":2,"featured_media":0,"parent":0,"menu_order":0,"comment_status":"closed","ping_status":"closed","template":"","meta":{"footnotes":""},"class_list":["post-6758","page","type-page","status-publish","hentry","without-featured-image"],"_links":{"self":[{"href":"https:\/\/esperanto-nederland.nl\/index.php\/wp-json\/wp\/v2\/pages\/6758","targetHints":{"allow":["GET"]}}],"collection":[{"href":"https:\/\/esperanto-nederland.nl\/index.php\/wp-json\/wp\/v2\/pages"}],"about":[{"href":"https:\/\/esperanto-nederland.nl\/index.php\/wp-json\/wp\/v2\/types\/page"}],"author":[{"embeddable":true,"href":"https:\/\/esperanto-nederland.nl\/index.php\/wp-json\/wp\/v2\/users\/2"}],"replies":[{"embeddable":true,"href":"https:\/\/esperanto-nederland.nl\/index.php\/wp-json\/wp\/v2\/comments?post=6758"}],"version-history":[{"count":8,"href":"https:\/\/esperanto-nederland.nl\/index.php\/wp-json\/wp\/v2\/pages\/6758\/revisions"}],"predecessor-version":[{"id":9339,"href":"https:\/\/esperanto-nederland.nl\/index.php\/wp-json\/wp\/v2\/pages\/6758\/revisions\/9339"}],"wp:attachment":[{"href":"https:\/\/esperanto-nederland.nl\/index.php\/wp-json\/wp\/v2\/media?parent=6758"}],"curies":[{"name":"wp","href":"https:\/\/api.w.org\/{rel}","templated":true}]}}