{"id":6789,"date":"2024-10-08T13:39:26","date_gmt":"2024-10-08T11:39:26","guid":{"rendered":"https:\/\/esperanto-nederland.nl\/?page_id=6789"},"modified":"2026-04-20T20:35:48","modified_gmt":"2026-04-20T18:35:48","slug":"kontakto","status":"publish","type":"page","link":"https:\/\/esperanto-nederland.nl\/index.php\/eo\/kontakto\/","title":{"rendered":"Kontakto"},"content":{"rendered":"<div class=\"wp-block-image\">\n<figure class=\"alignright size-full is-resized\"><img loading=\"lazy\" decoding=\"async\" width=\"1024\" height=\"1024\" src=\"https:\/\/esperanto-nederland.nl\/wp-content\/uploads\/2024\/03\/Plaatje-naar-contactgegevens-Bing-Copilot.jpeg\" alt=\"\" class=\"wp-image-3341\" style=\"width:300px\" srcset=\"https:\/\/esperanto-nederland.nl\/wp-content\/uploads\/2024\/03\/Plaatje-naar-contactgegevens-Bing-Copilot.jpeg 1024w, https:\/\/esperanto-nederland.nl\/wp-content\/uploads\/2024\/03\/Plaatje-naar-contactgegevens-Bing-Copilot-300x300.jpeg 300w, https:\/\/esperanto-nederland.nl\/wp-content\/uploads\/2024\/03\/Plaatje-naar-contactgegevens-Bing-Copilot-150x150.jpeg 150w, https:\/\/esperanto-nederland.nl\/wp-content\/uploads\/2024\/03\/Plaatje-naar-contactgegevens-Bing-Copilot-768x768.jpeg 768w, https:\/\/esperanto-nederland.nl\/wp-content\/uploads\/2024\/03\/Plaatje-naar-contactgegevens-Bing-Copilot-90x90.jpeg 90w, https:\/\/esperanto-nederland.nl\/wp-content\/uploads\/2024\/03\/Plaatje-naar-contactgegevens-Bing-Copilot-380x380.jpeg 380w\" sizes=\"auto, (max-width: 1024px) 100vw, 1024px\" \/><\/figure><\/div>\n\n\n<p>Por kontakto kun nia asocio, vi povas uzi la suban informon.<\/p>\n\n\n\n<h3 class=\"wp-block-heading\">La informcentro<\/h3>\n\n\n\n<p>Kontaktu la informcentron por:<\/p>\n\n\n\n<ul class=\"wp-block-list\">\n<li><a href=\"https:\/\/esperanto-nederland.nl\/index.php\/eo\/kontaktformularo\/\" data-type=\"link\" data-id=\"https:\/\/esperanto-nederland.nl\/index.php\/eo\/kontaktformularo\/\" target=\"_blank\" rel=\"noreferrer noopener\">fari demandon pri Esperanto a\u016d la asocio<\/a>;<\/li>\n<\/ul>\n\n\n\n<p>Telefono: +31 (0)50-5718842<\/p>\n\n\n\n<p>Bankokontnumero: NL10 TRIO 0786 8441 67, je la nomo de Esperanto Nederland.<\/p>\n\n\n\n<h3 class=\"wp-block-heading\">Membroadministrado<\/h3>\n\n\n\n<p>Kontaktu la membroadministradon por:<\/p>\n\n\n\n<ul class=\"wp-block-list\">\n<li>membri\u011di al Esperanto Nederland: <a href=\"https:\/\/esperanto-nederland.nl\/index.php\/eo\/aligilo-por-membreco\/\" data-type=\"page\" data-id=\"7755\" target=\"_blank\" rel=\"noreferrer noopener\">Ali\u011dformularo<\/a> (<em>nederlanda<\/em>);<\/li>\n\n\n\n<li>nuligi membrecon;<\/li>\n\n\n\n<li>\u015dan\u011di personajn datumojn, kiel adreson, retpo\u015dtadreson, bankokonton;<\/li>\n\n\n\n<li>informi, \u0109u vi volas esti en la publika membrolisto (nur por membroj);<\/li>\n\n\n\n<li>peti aktualan membroliston. En \u0109i tiu listo estas nur la kontaktinformoj de tiuj, kiuj donis permeson por tio. Nur membroj povas peti \u0109i tiun liston.<\/li>\n<\/ul>\n\n\n\n<p><a href=\"https:\/\/esperanto-nederland.nl\/index.php\/eo\/kontakti-membroadministrado\/\" data-type=\"link\" data-id=\"https:\/\/esperanto-nederland.nl\/index.php\/eo\/kontakti-membroadministrado\/\" target=\"_blank\" rel=\"noreferrer noopener\">Kontakti la membroadministradon&#8230;<\/a><\/p>\n\n\n\n<h3 class=\"wp-block-heading\">Organizado de la studosemajnfino<\/h3>\n\n\n\n<ul class=\"wp-block-list\">\n<li>Kontakti la <a href=\"https:\/\/esperanto-nederland.nl\/index.php\/eo\/kontakti-organizadon-de-studosemajnfino\/\" data-type=\"page\" data-id=\"7514\" target=\"_blank\" rel=\"noreferrer noopener\">organizadon de la studosemajnfino<\/a><\/li>\n\n\n\n<li>Ali\u011di por la studosemajnfino: <a href=\"https:\/\/esperanto-nederland.nl\/index.php\/eo\/aligformularo-por-la-studosemajnfino\/\" data-type=\"page\" data-id=\"7787\" target=\"_blank\" rel=\"noreferrer noopener\">Ali\u011dformularo por la studosemajnfino<\/a><\/li>\n<\/ul>\n\n\n\n<h3 class=\"wp-block-heading\">Redakcio retejo<\/h3>\n\n\n\n<p>\u0108i tiu retejo estas de la asocio Esperanto Nederland. La redaktoro de la la retejo estas Tonnie van Kessel.  Ineke Emmelkamp kaj Foppe-Klaas Hovinga subtenas lin. La teknika prizorgado estas en la manoj de Rinus Loof-van Overmeeren kaj Ronald van Buuren.<\/p>\n\n\n\n<p>Andries Hovinga prizorgas la multimediajn kanalojn. Por demandoj kaj komentoj kaj por sendi novajn artikolojn, kontaktu la redakcion.<\/p>\n\n\n\n<ul class=\"wp-block-list\">\n<li>Kontakti <a href=\"https:\/\/esperanto-nederland.nl\/index.php\/eo\/kontakti-redakcio-de-la-retejo\/\" data-type=\"page\" data-id=\"9500\" target=\"_blank\" rel=\"noreferrer noopener\">la redakcion de la retejo.<\/a><\/li>\n<\/ul>\n\n\n\n<h3 class=\"wp-block-heading\">Kromaj kontaktinformoj<\/h3>\n\n\n\n<ul class=\"wp-block-list\">\n<li><a href=\"https:\/\/esperanto-nederland.nl\/index.php\/eo\/estraro\/\" data-type=\"page\" data-id=\"333\">Kontaktinformoj de la estraro<\/a><\/li>\n<\/ul>\n\n\n\n<p><\/p>\n","protected":false},"excerpt":{"rendered":"<p>Por kontakto kun nia asocio, vi povas uzi la suban informon. La informcentro Kontaktu la informcentron por: Telefono: +31 (0)50-5718842 Bankokontnumero: NL10 TRIO 0786 8441 67, je la nomo de Esperanto Nederland. Membroadministrado Kontaktu la membroadministradon por: Kontakti la membroadministradon&#8230; Organizado de la studosemajnfino Redakcio retejo \u0108i tiu retejo estas de la asocio Esperanto Nederland. &hellip; <a href=\"https:\/\/esperanto-nederland.nl\/index.php\/eo\/kontakto\/\" class=\"more-link\">Verder lezen <span class=\"screen-reader-text\">Kontakto<\/span><\/a><\/p>\n","protected":false},"author":2,"featured_media":0,"parent":0,"menu_order":0,"comment_status":"closed","ping_status":"closed","template":"","meta":{"footnotes":""},"class_list":["post-6789","page","type-page","status-publish","hentry","without-featured-image"],"_links":{"self":[{"href":"https:\/\/esperanto-nederland.nl\/index.php\/wp-json\/wp\/v2\/pages\/6789","targetHints":{"allow":["GET"]}}],"collection":[{"href":"https:\/\/esperanto-nederland.nl\/index.php\/wp-json\/wp\/v2\/pages"}],"about":[{"href":"https:\/\/esperanto-nederland.nl\/index.php\/wp-json\/wp\/v2\/types\/page"}],"author":[{"embeddable":true,"href":"https:\/\/esperanto-nederland.nl\/index.php\/wp-json\/wp\/v2\/users\/2"}],"replies":[{"embeddable":true,"href":"https:\/\/esperanto-nederland.nl\/index.php\/wp-json\/wp\/v2\/comments?post=6789"}],"version-history":[{"count":39,"href":"https:\/\/esperanto-nederland.nl\/index.php\/wp-json\/wp\/v2\/pages\/6789\/revisions"}],"predecessor-version":[{"id":13273,"href":"https:\/\/esperanto-nederland.nl\/index.php\/wp-json\/wp\/v2\/pages\/6789\/revisions\/13273"}],"wp:attachment":[{"href":"https:\/\/esperanto-nederland.nl\/index.php\/wp-json\/wp\/v2\/media?parent=6789"}],"curies":[{"name":"wp","href":"https:\/\/api.w.org\/{rel}","templated":true}]}}